{"id":10,"date":"2024-01-26T09:43:34","date_gmt":"2024-01-10T06:04:03","guid":{"rendered":"https:\/\/kocher-thoraxchirurgie.ch\/?page_id=10"},"modified":"2024-03-03T09:49:21","modified_gmt":"2024-03-03T08:49:21","slug":"home","status":"publish","type":"page","link":"https:\/\/kocher-thoraxchirurgie.ch\/de\/","title":{"rendered":"Start"},"content":{"rendered":"\n<h1 class=\"wp-block-heading\">Neuigkeiten<\/h1><div class=\"h1-bottom\"><\/div>\n\n\n<div class=\"row\"><div class=\"col-lg-4 newswrapper\" data-link=\"https:\/\/kocher-thoraxchirurgie.ch\/de\/pneumologie-update-refresher-trafo-zuerich\/\"><h2>Pneumologie update refresher Trafo Z\u00fcrich<\/h2>Am 27.6.25 war Prof. Kocher zu Gast bei o.g. Veranstaltung um \u00fcber die Neuerungen im Bereich Thoraxchirurgie inkl. roboter-assistierter Verfahren und deren Auswirkungen auf die notwendigen ...<br \/><span class=\"newswrapper-date\">27. Juni 2025<\/span><\/div><div class=\"col-lg-4 newswrapper\" data-link=\"https:\/\/kocher-thoraxchirurgie.ch\/de\/sgp-annual-meeting-genf\/\"><h2>SGP annual meeting Genf<\/h2>Am 15.5.2025 anl\u00e4sslich des Kongresses der schweizerischen Gesellschaft f\u00fcr Pneumologie hielt Prof. Kocher ein Gastreferat zum Thema Neuerungen im Bereich Thoraxchirurgie.<br \/><span class=\"newswrapper-date\">15. Mai 2025<\/span><\/div><div class=\"col-lg-4 newswrapper\" data-link=\"https:\/\/kocher-thoraxchirurgie.ch\/de\/stryker-customer-safety-day\/\"><h2>Stryker Customer Safety Day<\/h2>Am 9.5.2025 berichtete Prof. Kocher an o.g. Anlass \u00fcber seine Forschung und Erfahrung im Bereich Gefahr von chirurgischen Rauchgasen, die beispielsweise beim kauterisieren\/ver\u00f6den von Gewebe ...<br \/><span class=\"newswrapper-date\">9. Mai 2025<\/span><\/div><div class=\"col-lg-4 newswrapper\" data-link=\"https:\/\/kocher-thoraxchirurgie.ch\/de\/sbv-toa-trafo-baden-22-3-2025\/\"><h2>SBV TOA Trafo Baden 22.3.2025<\/h2>Am j\u00e4hrlichen Kongress des Schweizerischer Berufsverbandes Dipl. Fachfrauen\/-m\u00e4nner Operationstechnik war Prof. Kocher eingeladener Gastredner zum Hot Topic Thoraxchirurgie<br \/><span class=\"newswrapper-date\">22. M\u00e4rz 2025<\/span><\/div><div class=\"col-lg-4 newswrapper\" data-link=\"https:\/\/kocher-thoraxchirurgie.ch\/de\/baps-2025\/\"><h2>BAPS 2025<\/h2>Berner An\u00e4sthesie Pflege Symposium Bern Am diesj\u00e4hrigen BAPS am 18.1.2025 am Inselspital Bern referierte Prof. Gregor Kocher als eingeladener Gastredner \u00fcber die chirurgische Behandlung der COPD ...<br \/><span class=\"newswrapper-date\">18. Januar 2025<\/span><\/div><div class=\"col-lg-4 newswrapper\" data-link=\"https:\/\/kocher-thoraxchirurgie.ch\/de\/swiss-onco-day-genolier\/\"><h2>Swiss Onco Day Genolier<\/h2>Am 23. November 2024 findet der SWISS MEDICAL NETWORK ONCO DAY in Genolier statt. In diesem Jahr ist das Hauptthema &#8218;Thoraxmalignome&#8216;. Unter anderen internationalen namhaften Experten ...<br \/><span class=\"newswrapper-date\">21. Oktober 2024<\/span><\/div><\/div><div class=\"pagination\"><span aria-current=\"page\" class=\"page-numbers current\">1<\/span>\n<a class=\"page-numbers\" href=\"https:\/\/kocher-thoraxchirurgie.ch\/de\/wp-json\/wp\/v2\/pages\/10\/page\/2\/\">2<\/a>\n<a class=\"page-numbers\" href=\"https:\/\/kocher-thoraxchirurgie.ch\/de\/wp-json\/wp\/v2\/pages\/10\/page\/3\/\">3<\/a>\n<a class=\"page-numbers\" href=\"https:\/\/kocher-thoraxchirurgie.ch\/de\/wp-json\/wp\/v2\/pages\/10\/page\/4\/\">4<\/a>\n<a class=\"next page-numbers\" href=\"https:\/\/kocher-thoraxchirurgie.ch\/de\/wp-json\/wp\/v2\/pages\/10\/page\/2\/\">vor \u00bb<\/a><\/div>\n\n\n\n<figure class=\"wp-block-video\"><video controls poster=\"https:\/\/kocher-thoraxchirurgie.ch\/wp-content\/uploads\/2024\/03\/video-vorschaubild.jpg\" src=\"https:\/\/kocher-thoraxchirurgie.ch\/wp-content\/uploads\/2024\/01\/video-thoraxchirugie-1.mp4\"><\/video><\/figure>\n\n\n\n<figure class=\"wp-block-image size-large\"><img loading=\"lazy\" decoding=\"async\" width=\"1024\" height=\"683\" src=\"https:\/\/kocher-thoraxchirurgie.ch\/wp-content\/uploads\/2024\/02\/home-1024x683.webp\" alt=\"\" class=\"wp-image-624\" srcset=\"https:\/\/kocher-thoraxchirurgie.ch\/wp-content\/uploads\/2024\/02\/home-1024x683.webp 1024w, https:\/\/kocher-thoraxchirurgie.ch\/wp-content\/uploads\/2024\/02\/home-300x200.webp 300w, https:\/\/kocher-thoraxchirurgie.ch\/wp-content\/uploads\/2024\/02\/home-768x512.webp 768w, https:\/\/kocher-thoraxchirurgie.ch\/wp-content\/uploads\/2024\/02\/home.webp 1200w\" sizes=\"auto, (max-width: 1024px) 100vw, 1024px\" \/><\/figure>\n","protected":false},"excerpt":{"rendered":"<p>Neuigkeiten<\/p>\n","protected":false},"author":1,"featured_media":0,"parent":0,"menu_order":0,"comment_status":"closed","ping_status":"closed","template":"","meta":{"footnotes":""},"class_list":["post-10","page","type-page","status-publish","hentry"],"_links":{"self":[{"href":"https:\/\/kocher-thoraxchirurgie.ch\/de\/wp-json\/wp\/v2\/pages\/10","targetHints":{"allow":["GET"]}}],"collection":[{"href":"https:\/\/kocher-thoraxchirurgie.ch\/de\/wp-json\/wp\/v2\/pages"}],"about":[{"href":"https:\/\/kocher-thoraxchirurgie.ch\/de\/wp-json\/wp\/v2\/types\/page"}],"author":[{"embeddable":true,"href":"https:\/\/kocher-thoraxchirurgie.ch\/de\/wp-json\/wp\/v2\/users\/1"}],"replies":[{"embeddable":true,"href":"https:\/\/kocher-thoraxchirurgie.ch\/de\/wp-json\/wp\/v2\/comments?post=10"}],"version-history":[{"count":17,"href":"https:\/\/kocher-thoraxchirurgie.ch\/de\/wp-json\/wp\/v2\/pages\/10\/revisions"}],"predecessor-version":[{"id":753,"href":"https:\/\/kocher-thoraxchirurgie.ch\/de\/wp-json\/wp\/v2\/pages\/10\/revisions\/753"}],"wp:attachment":[{"href":"https:\/\/kocher-thoraxchirurgie.ch\/de\/wp-json\/wp\/v2\/media?parent=10"}],"curies":[{"name":"wp","href":"https:\/\/api.w.org\/{rel}","templated":true}]}}