{"id":12,"date":"2024-01-10T07:05:57","date_gmt":"2024-01-10T06:05:57","guid":{"rendered":"https:\/\/kocher-thoraxchirurgie.ch\/?page_id=12"},"modified":"2024-02-11T13:45:26","modified_gmt":"2024-02-11T12:45:26","slug":"patientinnen-und-patienten","status":"publish","type":"page","link":"https:\/\/kocher-thoraxchirurgie.ch\/de\/patientinnen-und-patienten\/","title":{"rendered":"Patientinnen und Patienten"},"content":{"rendered":"\n<h1 class=\"wp-block-heading\">Patientinnen und Patienten<\/h1><div class=\"h1-bottom\"><\/div>\n\n\n\n<h2 class=\"wp-block-heading\">Alle Versicherten willkommen<\/h2>\n\n\n\n<p>Gregor Kocher Thoraxchirurgie betreut Patientinnen und Patienten an mehreren Standorten und unabh\u00e4ngig davon, ob sie allgemeinversichert sind oder \u00fcber eine Zusatzversicherung verf\u00fcgen.<\/p>\n\n\n\n<h2 class=\"wp-block-heading\">Unklare Befunde<\/h2>\n\n\n\n<p>Es kommt h\u00e4ufig vor, dass Patientinnen und Patienten an Beschwerden leiden, welche der Hausarzt nicht explizit zuordnen kann. Bei uns werden die notwendigen Abkl\u00e4rungen in die Wege geleitet, koordiniert und organisiert, so dass wir idealerweise eine Diagnose stellen, Therapiem\u00f6glichkeiten aufzeigen und diese gemeinsam umsetzen k\u00f6nnen.<\/p>\n\n\n\n<h2 class=\"wp-block-heading\">Nahe bei Patientinnen und Patienten<\/h2>\n\n\n\n<p>Gregor Kocher Thoraxchirurgie ist an mehreren Standorten t\u00e4tig:<\/p>\n\n\n\n<p><strong>Bern: <\/strong>Hirslanden Klinik Beau-Site sowie Lindenhofspital (Spital kann von der Patientin\/vom Patienten bzw. vom Zuweiser gew\u00e4hlt werden)<\/p>\n\n\n\n<p><strong>Basel Claraspital, Chefarzt Thoraxchirurgie: <\/strong>1 Operationstag pro Woche und Sprechstunden<\/p>\n\n\n\n<p><strong>Zus\u00e4tzliche Standorte auf Anfrage im Rahmen der konsiliar\u00e4rztlichen T\u00e4tigkeit:<\/strong><\/p>\n\n\n\n<ul class=\"wp-block-list\">\n<li>B\u00fcrgerspital Solothurn (Sprechstunden und Eingriffe)<\/li>\n\n\n\n<li>Kantonsspital Olten (Sprechstunden und Eingriffe)<\/li>\n\n\n\n<li>Spital Thun (einfachere Eingriffe)<\/li>\n<\/ul>\n\n\n\n<h2 class=\"wp-block-heading\">Praxis in Bern<\/h2>\n\n\n\n<p>Haus von Rodt Sch\u00e4nzlihalde 1 3013 Bern<\/p>\n\n\n\n<div style=\"height:40px\" aria-hidden=\"true\" class=\"wp-block-spacer\"><\/div>\n\n\n\n<figure class=\"wp-block-image size-large\"><img loading=\"lazy\" decoding=\"async\" width=\"1024\" height=\"683\" src=\"https:\/\/kocher-thoraxchirurgie.ch\/wp-content\/uploads\/2024\/02\/patienten-1024x683.webp\" alt=\"\" class=\"wp-image-634\" srcset=\"https:\/\/kocher-thoraxchirurgie.ch\/wp-content\/uploads\/2024\/02\/patienten-1024x683.webp 1024w, https:\/\/kocher-thoraxchirurgie.ch\/wp-content\/uploads\/2024\/02\/patienten-300x200.webp 300w, https:\/\/kocher-thoraxchirurgie.ch\/wp-content\/uploads\/2024\/02\/patienten-768x512.webp 768w, https:\/\/kocher-thoraxchirurgie.ch\/wp-content\/uploads\/2024\/02\/patienten.webp 1200w\" sizes=\"auto, (max-width: 1024px) 100vw, 1024px\" \/><\/figure>\n\n\n\n<p><\/p>\n","protected":false},"excerpt":{"rendered":"<p>Patientinnen und Patienten Alle Versicherten willkommen Gregor Kocher Thoraxchirurgie betreut Patientinnen und Patienten an mehreren Standorten und unabh\u00e4ngig davon, ob sie allgemeinversichert sind oder \u00fcber eine Zusatzversicherung verf\u00fcgen. Unklare Befunde Es kommt h\u00e4ufig vor, dass Patientinnen und Patienten an Beschwerden leiden, welche der Hausarzt nicht explizit zuordnen kann. Bei uns werden die notwendigen Abkl\u00e4rungen in [&hellip;]<\/p>\n","protected":false},"author":1,"featured_media":0,"parent":0,"menu_order":3,"comment_status":"closed","ping_status":"closed","template":"","meta":{"footnotes":""},"class_list":["post-12","page","type-page","status-publish","hentry"],"_links":{"self":[{"href":"https:\/\/kocher-thoraxchirurgie.ch\/de\/wp-json\/wp\/v2\/pages\/12","targetHints":{"allow":["GET"]}}],"collection":[{"href":"https:\/\/kocher-thoraxchirurgie.ch\/de\/wp-json\/wp\/v2\/pages"}],"about":[{"href":"https:\/\/kocher-thoraxchirurgie.ch\/de\/wp-json\/wp\/v2\/types\/page"}],"author":[{"embeddable":true,"href":"https:\/\/kocher-thoraxchirurgie.ch\/de\/wp-json\/wp\/v2\/users\/1"}],"replies":[{"embeddable":true,"href":"https:\/\/kocher-thoraxchirurgie.ch\/de\/wp-json\/wp\/v2\/comments?post=12"}],"version-history":[{"count":13,"href":"https:\/\/kocher-thoraxchirurgie.ch\/de\/wp-json\/wp\/v2\/pages\/12\/revisions"}],"predecessor-version":[{"id":657,"href":"https:\/\/kocher-thoraxchirurgie.ch\/de\/wp-json\/wp\/v2\/pages\/12\/revisions\/657"}],"wp:attachment":[{"href":"https:\/\/kocher-thoraxchirurgie.ch\/de\/wp-json\/wp\/v2\/media?parent=12"}],"curies":[{"name":"wp","href":"https:\/\/api.w.org\/{rel}","templated":true}]}}