{"id":20,"date":"2024-01-10T07:11:38","date_gmt":"2024-01-10T06:11:38","guid":{"rendered":"https:\/\/kocher-thoraxchirurgie.ch\/?page_id=20"},"modified":"2024-02-11T13:44:40","modified_gmt":"2024-02-11T12:44:40","slug":"zuweisende","status":"publish","type":"page","link":"https:\/\/kocher-thoraxchirurgie.ch\/de\/zuweisende\/","title":{"rendered":"Zuweisende"},"content":{"rendered":"\n<h1 class=\"wp-block-heading\">Zuweisende<\/h1><div class=\"h1-bottom\"><\/div>\n\n\n\n<h2 class=\"wp-block-heading\">Integration der zuweisenden \u00c4rztin oder des zuweisenden Arztes<\/h2>\n\n\n\n<p>Die zuweisende \u00c4rztin, der zuweisende Arzt oder die zuweisende Institution wird von Gregor Kocher Thoraxchirurgie laufend \u00fcber die n\u00e4chsten Schritte und den Behandlungsverlauf der Patientin oder des Patienten informiert. Damit ist sichergestellt, dass Zuweisende ohne Verzug \u00fcber Kenntnisse der Situation der Patientin oder des Patienten verf\u00fcgen und laufend integriert sind.<\/p>\n\n\n\n<h2 class=\"wp-block-heading\">Unkompliziert und direkt<\/h2>\n\n\n\n<p>Zuweisende \u00c4rztinnen und \u00c4rzte wie auch Partner haben jederzeit einen direkten und unkomplizierten Zugang zu Gregor Kocher Thoraxchirurgie.<\/p>\n\n\n\n<h2 class=\"wp-block-heading\">Unklare Befunde<\/h2>\n\n\n\n<p>Gregor Kocher Thoraxchirurgie \u00fcbernimmt die weiteren Abkl\u00e4rungen bei s\u00e4mtlichen F\u00e4llen, insbesondere auch bei unklaren Befunden. In die m\u00f6glichen Behandlungs-Strategien wird die zuweisende \u00c4rztin oder der zuweisende Arzt einbezogen.<\/p>\n\n\n\n<p>Gregor Kocher Thoraxchirurgie gew\u00e4hrleistet den Zuweisenden f\u00fcr ihre Patientinnen und Patienten Zugang zu den modernsten Behandlungsmethoden und kompetenten, interdisziplin\u00e4ren Teams.<\/p>\n\n\n\n<h2 class=\"wp-block-heading\">Zweitmeinungen<\/h2>\n\n\n\n<p>Das Team von Gregor Kocher Thoraxchirurgie steht f\u00fcr Zweitmeinungen gerne zur Verf\u00fcgung.<\/p>\n\n\n\n<h2 class=\"wp-block-heading\">Zuweisungen f\u00fcr alle Standorte Bern, Solothurn, Olten, Thun<\/h2>\n\n\n\n<p><a href=\"mailto:gregor.kocher@hin.ch\">gregor.kocher@hin.ch<\/a><\/p>\n\n\n\n<p>Telefon <a href=\"tel:+41313357801\">+41 (0)31 335 78 01<\/a><\/p>\n\n\n\n<div style=\"height:40px\" aria-hidden=\"true\" class=\"wp-block-spacer\"><\/div>\n\n\n\n<figure class=\"wp-block-image size-large\"><img loading=\"lazy\" decoding=\"async\" width=\"1024\" height=\"680\" src=\"https:\/\/kocher-thoraxchirurgie.ch\/wp-content\/uploads\/2024\/01\/building-1024x680.jpg\" alt=\"\" class=\"wp-image-224\" srcset=\"https:\/\/kocher-thoraxchirurgie.ch\/wp-content\/uploads\/2024\/01\/building-1024x680.jpg 1024w, https:\/\/kocher-thoraxchirurgie.ch\/wp-content\/uploads\/2024\/01\/building-300x199.jpg 300w, https:\/\/kocher-thoraxchirurgie.ch\/wp-content\/uploads\/2024\/01\/building-768x510.jpg 768w, https:\/\/kocher-thoraxchirurgie.ch\/wp-content\/uploads\/2024\/01\/building.jpg 1200w\" sizes=\"auto, (max-width: 1024px) 100vw, 1024px\" \/><\/figure>\n","protected":false},"excerpt":{"rendered":"<p>Zuweisende Integration der zuweisenden \u00c4rztin oder des zuweisenden Arztes Die zuweisende \u00c4rztin, der zuweisende Arzt oder die zuweisende Institution wird von Gregor Kocher Thoraxchirurgie laufend \u00fcber die n\u00e4chsten Schritte und den Behandlungsverlauf der Patientin oder des Patienten informiert. Damit ist sichergestellt, dass Zuweisende ohne Verzug \u00fcber Kenntnisse der Situation der Patientin oder des Patienten verf\u00fcgen [&hellip;]<\/p>\n","protected":false},"author":1,"featured_media":0,"parent":0,"menu_order":7,"comment_status":"closed","ping_status":"closed","template":"","meta":{"footnotes":""},"class_list":["post-20","page","type-page","status-publish","hentry"],"_links":{"self":[{"href":"https:\/\/kocher-thoraxchirurgie.ch\/de\/wp-json\/wp\/v2\/pages\/20","targetHints":{"allow":["GET"]}}],"collection":[{"href":"https:\/\/kocher-thoraxchirurgie.ch\/de\/wp-json\/wp\/v2\/pages"}],"about":[{"href":"https:\/\/kocher-thoraxchirurgie.ch\/de\/wp-json\/wp\/v2\/types\/page"}],"author":[{"embeddable":true,"href":"https:\/\/kocher-thoraxchirurgie.ch\/de\/wp-json\/wp\/v2\/users\/1"}],"replies":[{"embeddable":true,"href":"https:\/\/kocher-thoraxchirurgie.ch\/de\/wp-json\/wp\/v2\/comments?post=20"}],"version-history":[{"count":15,"href":"https:\/\/kocher-thoraxchirurgie.ch\/de\/wp-json\/wp\/v2\/pages\/20\/revisions"}],"predecessor-version":[{"id":653,"href":"https:\/\/kocher-thoraxchirurgie.ch\/de\/wp-json\/wp\/v2\/pages\/20\/revisions\/653"}],"wp:attachment":[{"href":"https:\/\/kocher-thoraxchirurgie.ch\/de\/wp-json\/wp\/v2\/media?parent=20"}],"curies":[{"name":"wp","href":"https:\/\/api.w.org\/{rel}","templated":true}]}}