{"id":203,"date":"2024-01-26T09:43:34","date_gmt":"2024-01-31T11:01:05","guid":{"rendered":"https:\/\/kocher-thoraxchirurgie.ch\/?page_id=203"},"modified":"2025-07-19T14:32:31","modified_gmt":"2025-07-19T12:32:31","slug":"portrait-prof-dr-med-gregor-kocher","status":"publish","type":"page","link":"https:\/\/kocher-thoraxchirurgie.ch\/de\/portrait-prof-dr-med-gregor-kocher\/","title":{"rendered":"Portrait Prof. Dr. med. Gregor Kocher"},"content":{"rendered":"\n<h1 class=\"wp-block-heading\">Prof. Dr. med. Gregor Kocher<\/h1><div class=\"h1-bottom\"><\/div>\n\n\n\n<p>Meine t\u00e4gliche Motivation ist es, das Beste f\u00fcr das Wohlergehen meiner Patientinnen und Patienten zu geben. Die Selbst\u00e4ndigkeit in meiner eigenen Praxis erm\u00f6glicht es mir, meine Patientinnen und Patienten nach meinen pers\u00f6nlichen Werten und Massst\u00e4ben zu betreuen. Patientinnen und Patienten profitieren von individuellen, umfassenden und gem\u00e4ss dem neusten Wissensstand etablierten Therapiekonzepten unter Beizug von interdisziplin\u00e4ren Teams.<\/p>\n\n\n\n<p>F\u00fcr die Weiterentwicklung moderner Verfahren setze ich mich im Rahmen von Forschungsprojekten ein und bilde regelm\u00e4ssig junge Chirurginnen und Chirurgen aus.<\/p>\n\n\n\n<p><strong>Hauptt\u00e4tigkeit <\/strong>im Raum <strong>Bern<\/strong>, daneben im Teilzeitpensum (1 Operationstag\/Woche) T\u00e4tigkeit als Chefarzt der Thoraxchirurgie am Claraspital Basel (seit 1.3.2023). Ausserdem Konsiliar\u00e4rztliche Zusammenarbeit mit dem B\u00fcrgerspital Solothurn und dem Kantonsspital Olten (Stv. Leiter Thoraxchirurgie).<br><br><\/p>\n\n\n\n<h2 class=\"wp-block-heading\">Curriculum vitae<\/h2>\n\n\n\n<ul class=\"wp-block-list\">\n<li>Medizinstudium an der Universit\u00e4t Z\u00fcrich, Promotion zum Doktor der Medizin<\/li>\n\n\n\n<li>Allgemeinchirurgische Ausbildung am Spital Uster und Kantonsspital Winterthur<\/li>\n\n\n\n<li>Thoraxchirurgische Ausbildung am Inselspital Bern sowie im Rahmen mehrerer Fellowships in ausl\u00e4ndischen Institutionen (D\u00e4nemark, Italien, Istanbul, \u00d6sterreich)<\/li>\n\n\n\n<li>Facharzt FMH Chirurgie 2012, FMH Thoraxchirurgie 2015, European Board Certification for Thoracic Surgery (UEMS) 2019<\/li>\n\n\n\n<li>Habilitation (Privatdozent) an der Universit\u00e4t Bern 2017<\/li>\n\n\n\n<li>MBA mit Schwerpunkt International Healthcare Management 2019 (UK); im folgenden Zusammenarbeit mit dem Collegium Humanum in Warschau, Polen mit Aufbau eines Lehrganges in Healthcare Management<\/li>\n\n\n\n<li>Verleihung der Assoz. Professur durch die Universit\u00e4t Bern 2021<\/li>\n\n\n\n<li>Verleihung Universit\u00e4ts-Professur f\u00fcr Healthcare Management durch die Universit\u00e4t Collegium Humanum in Warschau, Polen 2023<\/li>\n<\/ul>\n\n\n\n<p>Zuletzt war Gregor Kocher Chefarzt (und Klinikdirektor a.i.) der Universit\u00e4tsklinik f\u00fcr Thoraxchirurgie am Inselspital Bern (bis M\u00e4rz 2022).<\/p>\n\n\n\n<p>Er ist Mitglied bei allen namhaften Fachgesellschaften der Thoraxchirurgie in der Schweiz und im Europ\u00e4ischen Raum und tr\u00e4gt zudem auch den europ\u00e4ischen Facharzttitel f\u00fcr Thoraxchirurgie (FUEBTS &#8211; Fellow of the Unified European Board of Thoracic Surgery).<\/p>\n\n\n\n<p>Prof. ist Teil der &#8218;Thoracic Domain&#8216; der europ\u00e4ischen Gesellschaft f\u00fcr Herz- und Thoraxchirurgie (EACTS) und in dieser Funktion mitverantwortlich f\u00fcr die Organisation des j\u00e4hrlich stattfindenen internationalen Kongresses der Fachgesellschaft.<\/p>\n\n\n\n<h2 class=\"wp-block-heading\">Erfahrung<\/h2>\n\n\n\n<p>Aufbau der minimal-invasiven Thoraxchirurgie am Inselspital in Bern 2014 &#8211; 2022:<\/p>\n\n\n\n<ul class=\"wp-block-list\">\n<li>Einf\u00fchrung der minimal-invasiven, uniportalen (Operation \u00fcber einen einzigen kleinen Hautschnitt) Operationstechnik f\u00fcr Lungenresektionen<\/li>\n\n\n\n<li>Weiterentwicklung des Angebotes f\u00fcr roboterassistierte, minimal-invasive Eingriffe<\/li>\n\n\n\n<li>Ausbau des Angebotes zur konservativen und minimal-invasiven chirurgischen Behandlung von Thoraxwanddeformit\u00e4ten bei Kindern, Jugendlichen und Erwachsenen<\/li>\n\n\n\n<li>Organisation und Leitung mehrerer nationaler Kurse f\u00fcr die uniportale minimal-invasive Lungenresektion (Lobektomien und Segmentektomien) bei Lungenkrebs<\/li>\n<\/ul>\n\n\n\n<h2 class=\"wp-block-heading\">Forschungen \/ Publikationen<\/h2>\n\n\n\n<p><a href=\"https:\/\/pubmed.ncbi.nlm.nih.gov\/?term=kocher+g&amp;sort=date\" target=\"_blank\" rel=\"noreferrer noopener\">Hier finden Sie eine \u00dcbersicht \u00fcber meine Forschungen und Publikationen<\/a><\/p>\n","protected":false},"excerpt":{"rendered":"<p>Prof. Dr. med. Gregor Kocher Meine t\u00e4gliche Motivation ist es, das Beste f\u00fcr das Wohlergehen meiner Patientinnen und Patienten zu geben. Die Selbst\u00e4ndigkeit in meiner eigenen Praxis erm\u00f6glicht es mir, meine Patientinnen und Patienten nach meinen pers\u00f6nlichen Werten und Massst\u00e4ben zu betreuen. Patientinnen und Patienten profitieren von individuellen, umfassenden und gem\u00e4ss dem neusten Wissensstand etablierten [&hellip;]<\/p>\n","protected":false},"author":1,"featured_media":0,"parent":0,"menu_order":9,"comment_status":"closed","ping_status":"closed","template":"","meta":{"footnotes":""},"class_list":["post-203","page","type-page","status-publish","hentry"],"_links":{"self":[{"href":"https:\/\/kocher-thoraxchirurgie.ch\/de\/wp-json\/wp\/v2\/pages\/203","targetHints":{"allow":["GET"]}}],"collection":[{"href":"https:\/\/kocher-thoraxchirurgie.ch\/de\/wp-json\/wp\/v2\/pages"}],"about":[{"href":"https:\/\/kocher-thoraxchirurgie.ch\/de\/wp-json\/wp\/v2\/types\/page"}],"author":[{"embeddable":true,"href":"https:\/\/kocher-thoraxchirurgie.ch\/de\/wp-json\/wp\/v2\/users\/1"}],"replies":[{"embeddable":true,"href":"https:\/\/kocher-thoraxchirurgie.ch\/de\/wp-json\/wp\/v2\/comments?post=203"}],"version-history":[{"count":15,"href":"https:\/\/kocher-thoraxchirurgie.ch\/de\/wp-json\/wp\/v2\/pages\/203\/revisions"}],"predecessor-version":[{"id":834,"href":"https:\/\/kocher-thoraxchirurgie.ch\/de\/wp-json\/wp\/v2\/pages\/203\/revisions\/834"}],"wp:attachment":[{"href":"https:\/\/kocher-thoraxchirurgie.ch\/de\/wp-json\/wp\/v2\/media?parent=203"}],"curies":[{"name":"wp","href":"https:\/\/api.w.org\/{rel}","templated":true}]}}