{"id":22,"date":"2024-01-10T07:12:39","date_gmt":"2024-01-10T06:12:39","guid":{"rendered":"https:\/\/kocher-thoraxchirurgie.ch\/?page_id=22"},"modified":"2025-07-19T14:27:17","modified_gmt":"2025-07-19T12:27:17","slug":"team","status":"publish","type":"page","link":"https:\/\/kocher-thoraxchirurgie.ch\/de\/team\/","title":{"rendered":"Team"},"content":{"rendered":"\n<h1 class=\"wp-block-heading\">Team<\/h1><div class=\"h1-bottom\"><\/div>\n\n\n\n<div class=\"wp-block-media-text is-stacked-on-mobile\"><figure class=\"wp-block-media-text__media\"><img loading=\"lazy\" decoding=\"async\" width=\"1024\" height=\"544\" src=\"https:\/\/kocher-thoraxchirurgie.ch\/wp-content\/uploads\/2024\/01\/gkocher-1024x544.jpg\" alt=\"\" class=\"wp-image-191 size-full\" srcset=\"https:\/\/kocher-thoraxchirurgie.ch\/wp-content\/uploads\/2024\/01\/gkocher-1024x544.jpg 1024w, https:\/\/kocher-thoraxchirurgie.ch\/wp-content\/uploads\/2024\/01\/gkocher-300x159.jpg 300w, https:\/\/kocher-thoraxchirurgie.ch\/wp-content\/uploads\/2024\/01\/gkocher-768x408.jpg 768w, https:\/\/kocher-thoraxchirurgie.ch\/wp-content\/uploads\/2024\/01\/gkocher.jpg 1200w\" sizes=\"auto, (max-width: 1024px) 100vw, 1024px\" \/><\/figure><div class=\"wp-block-media-text__content\">\n<p><strong>Prof. Dr. med. Gregor Kocher<\/strong><\/p>\n\n\n\n<p><a href=\"https:\/\/kocher-thoraxchirurgie.ch\/de\/portrait-prof-dr-med-gregor-kocher\/\" data-type=\"page\" data-id=\"203\">mehr -&gt;<\/a><\/p>\n<\/div><\/div>\n\n\n\n<div style=\"height:50px\" aria-hidden=\"true\" class=\"wp-block-spacer\"><\/div>\n\n\n\n<div class=\"wp-block-media-text has-media-on-the-right is-stacked-on-mobile\"><div class=\"wp-block-media-text__content\">\n<p><strong>Dr. med. Max Shojai, <\/strong>Assistenzarzt<\/p>\n<\/div><figure class=\"wp-block-media-text__media\"><img loading=\"lazy\" decoding=\"async\" width=\"480\" height=\"480\" src=\"https:\/\/kocher-thoraxchirurgie.ch\/wp-content\/uploads\/2024\/02\/male-placeholde.jpg\" alt=\"\" class=\"wp-image-675 size-full\" srcset=\"https:\/\/kocher-thoraxchirurgie.ch\/wp-content\/uploads\/2024\/02\/male-placeholde.jpg 480w, https:\/\/kocher-thoraxchirurgie.ch\/wp-content\/uploads\/2024\/02\/male-placeholde-300x300.jpg 300w, https:\/\/kocher-thoraxchirurgie.ch\/wp-content\/uploads\/2024\/02\/male-placeholde-150x150.jpg 150w\" sizes=\"auto, (max-width: 480px) 100vw, 480px\" \/><\/figure><\/div>\n\n\n\n<div style=\"height:50px\" aria-hidden=\"true\" class=\"wp-block-spacer\"><\/div>\n\n\n\n<div class=\"wp-block-media-text is-stacked-on-mobile\"><figure class=\"wp-block-media-text__media\"><img loading=\"lazy\" decoding=\"async\" width=\"300\" height=\"300\" src=\"https:\/\/kocher-thoraxchirurgie.ch\/wp-content\/uploads\/2024\/02\/female-placeholder-300x300-1.jpg\" alt=\"\" class=\"wp-image-671 size-full\" srcset=\"https:\/\/kocher-thoraxchirurgie.ch\/wp-content\/uploads\/2024\/02\/female-placeholder-300x300-1.jpg 300w, https:\/\/kocher-thoraxchirurgie.ch\/wp-content\/uploads\/2024\/02\/female-placeholder-300x300-1-150x150.jpg 150w\" sizes=\"auto, (max-width: 300px) 100vw, 300px\" \/><\/figure><div class=\"wp-block-media-text__content\">\n<p><strong>Ina Abric<\/strong><br>Arztsekret\u00e4rin \/ Praxiskoordinatorin<\/p>\n<\/div><\/div>\n\n\n\n<div style=\"height:50px\" aria-hidden=\"true\" class=\"wp-block-spacer\"><\/div>\n\n\n\n<h2 class=\"wp-block-heading\">Zusammenarbeit und Stellvertretung<\/h2>\n\n\n\n<div class=\"wp-block-columns is-layout-flex wp-container-core-columns-is-layout-9d6595d7 wp-block-columns-is-layout-flex\">\n<div class=\"wp-block-column is-layout-flow wp-block-column-is-layout-flow\">\n<p><strong>PD Dr. med. Beatrix Hoksch<\/strong><\/p>\n\n\n\n<p>Chirurgie, Thoraxchirurgie, Praxislabor (KHM) <br>Fach\u00e4rztin f\u00fcr Chirurgie, speziell: Thoraxchirurgie<\/p>\n<\/div>\n\n\n\n<div class=\"wp-block-column is-layout-flow wp-block-column-is-layout-flow\">\n<p><strong>Dr. med. Robert Stein<\/strong><\/p>\n\n\n\n<p>Facharzt f\u00fcr Chirurgie, speziell: Thoraxchirurgie<\/p>\n<\/div>\n<\/div>\n\n\n\n<p><br><\/p>\n\n\n\n<p class=\"has-text-align-center\"><a href=\"https:\/\/www.hirslanden.ch\/de\/klinik-beau-site\/centers\/berner-thoraxchirurgie.html\">Berner Thoraxchirurgie<\/a><\/p>\n\n\n\n<p class=\"has-text-align-center\"><a href=\"https:\/\/www.swiss-surgery.swiss\/thoraxchirurgie\/\">Swiss Surgery<\/a><\/p>\n\n\n\n<p class=\"has-text-align-center\"><a href=\"https:\/\/www.leading-medicine-guide.com\/de\/spezialisten\/gregor-kocher-bern\">Leading Medicine Guide<\/a><\/p>\n\n\n\n<p class=\"has-text-align-center\"><a href=\"https:\/\/www.primomedico.com\/de\/spezialist\/prof-kocher-thoraxchirurgie-bern\/\">Primo Medico<\/a><\/p>\n\n\n\n<p class=\"has-text-align-center\"><a href=\"https:\/\/lungendiagnostik.ch\">Stiftung f\u00fcr Lungendiagnostik<\/a><\/p>\n","protected":false},"excerpt":{"rendered":"<p>Team Prof. Dr. med. Gregor Kocher mehr -&gt; Dr. med. Max Shojai, Assistenzarzt Ina AbricArztsekret\u00e4rin \/ Praxiskoordinatorin Zusammenarbeit und Stellvertretung PD Dr. med. Beatrix Hoksch Chirurgie, Thoraxchirurgie, Praxislabor (KHM) Fach\u00e4rztin f\u00fcr Chirurgie, speziell: Thoraxchirurgie Dr. med. Robert Stein Facharzt f\u00fcr Chirurgie, speziell: Thoraxchirurgie Berner Thoraxchirurgie Swiss Surgery Leading Medicine Guide Primo Medico Stiftung f\u00fcr Lungendiagnostik<\/p>\n","protected":false},"author":1,"featured_media":0,"parent":0,"menu_order":8,"comment_status":"closed","ping_status":"closed","template":"","meta":{"footnotes":""},"class_list":["post-22","page","type-page","status-publish","hentry"],"_links":{"self":[{"href":"https:\/\/kocher-thoraxchirurgie.ch\/de\/wp-json\/wp\/v2\/pages\/22","targetHints":{"allow":["GET"]}}],"collection":[{"href":"https:\/\/kocher-thoraxchirurgie.ch\/de\/wp-json\/wp\/v2\/pages"}],"about":[{"href":"https:\/\/kocher-thoraxchirurgie.ch\/de\/wp-json\/wp\/v2\/types\/page"}],"author":[{"embeddable":true,"href":"https:\/\/kocher-thoraxchirurgie.ch\/de\/wp-json\/wp\/v2\/users\/1"}],"replies":[{"embeddable":true,"href":"https:\/\/kocher-thoraxchirurgie.ch\/de\/wp-json\/wp\/v2\/comments?post=22"}],"version-history":[{"count":49,"href":"https:\/\/kocher-thoraxchirurgie.ch\/de\/wp-json\/wp\/v2\/pages\/22\/revisions"}],"predecessor-version":[{"id":832,"href":"https:\/\/kocher-thoraxchirurgie.ch\/de\/wp-json\/wp\/v2\/pages\/22\/revisions\/832"}],"wp:attachment":[{"href":"https:\/\/kocher-thoraxchirurgie.ch\/de\/wp-json\/wp\/v2\/media?parent=22"}],"curies":[{"name":"wp","href":"https:\/\/api.w.org\/{rel}","templated":true}]}}