{"id":546,"date":"2024-02-10T04:52:14","date_gmt":"2024-02-10T03:52:14","guid":{"rendered":"https:\/\/kocher-thoraxchirurgie.ch\/?page_id=546"},"modified":"2024-02-10T04:52:14","modified_gmt":"2024-02-10T03:52:14","slug":"faq","status":"publish","type":"page","link":"https:\/\/kocher-thoraxchirurgie.ch\/de\/faq\/","title":{"rendered":"FAQ"},"content":{"rendered":"\n<h1 class=\"wp-block-heading\">FAQ<\/h1><div class=\"h1-bottom\"><\/div>\n\n\n\r\n\t<div class=\"accordion accordion-flush\" id=\"accordionFlushExample\">\r\n\t\r\n            <div class=\"accordion-item\">\r\n                <h2 class=\"accordion-header\" id=\"heading0\">\r\n                    <button class=\"accordion-button collapsed\" type=\"button\" data-bs-toggle=\"collapse\" data-bs-target=\"#flush-collapse0\" aria-expanded=\"false\" aria-controls=\"flush-collapse0\">\r\n                        Was umfasst die Thoraxchirurgie?\r\n                    <\/button>\r\n                <\/h2>\r\n                <div id=\"flush-collapse0\" class=\"accordion-collapse collapse\" aria-labelledby=\"heading0\" data-bs-parent=\"#accordionFlushExample\">\r\n                    <div class=\"accordion-body\">\r\n                        \n<!-- \/wp:heading -->\n\n<!-- wp:paragraph -->\n<p>Die Thoraxchirurgie beinhaltet die Diagnostik und die chirurgische Therapie der Lunge, des Mediastinums (\"Mittelfell\"), der Pleura, des Zwerchfells sowie der Thoraxwand (Rippenbr\u00fcche, Tumore, Deformit\u00e4ten der Brustwand).<\/p>\n<!-- \/wp:paragraph -->\n\n<!-- wp:paragraph -->\n<p>Der Schwerpunkt liegt bei der Behandlung von Tumoren der Lunge (Lungenkrebs), des Mediastinums (Thymome, Schwannome, Zysten) und der Pleura (Pneumothorax, Pleuraempyem, Pleuramesotheliom).<\/p>\n<!-- \/wp:paragraph -->\n\n<!-- wp:paragraph -->\n<p>Das Behandlungsspektrum von Kocher Thoraxchirurgie:<br><a href=\"https:\/\/kocher-thoraxchirurgie.ch\/de\/behandlungen\/\" data-type=\"page\" data-id=\"156\">https:\/\/kocher-thoraxchirurgie.ch\/de\/behandlungen\/<\/a><\/p>\n<!-- \/wp:paragraph -->\n\n<!-- wp:heading -->\n\r\n                    <\/div>\r\n                <\/div>\r\n            <\/div>\r\n        \r\n            <div class=\"accordion-item\">\r\n                <h2 class=\"accordion-header\" id=\"heading1\">\r\n                    <button class=\"accordion-button collapsed\" type=\"button\" data-bs-toggle=\"collapse\" data-bs-target=\"#flush-collapse1\" aria-expanded=\"false\" aria-controls=\"flush-collapse1\">\r\n                        An welchen Standorten ist Gregor Kocher Thoraxchirurgie t\u00e4tig?\r\n                    <\/button>\r\n                <\/h2>\r\n                <div id=\"flush-collapse1\" class=\"accordion-collapse collapse\" aria-labelledby=\"heading1\" data-bs-parent=\"#accordionFlushExample\">\r\n                    <div class=\"accordion-body\">\r\n                        \n<!-- \/wp:heading -->\n\n<!-- wp:paragraph -->\n<p>Gregor Kocher Thoraxchirurgie ist an folgenden Standorten t\u00e4tig:<\/p>\n<!-- \/wp:paragraph -->\n\n<!-- wp:paragraph -->\n<p>Prim\u00e4rer Standort ist Bern: Hirslanden Klinik Beau-Site sowie Lindenhofspital (Spital kann von der Patientin\/vom Patienten bzw. vom Zuweiser gew\u00e4hlt werden)<\/p>\n<!-- \/wp:paragraph -->\n\n<!-- wp:paragraph -->\n<p>Basel Claraspital, Chefarzt Thoraxchirurgie: 1 Operationstag pro Woche und Sprechstunden<\/p>\n<!-- \/wp:paragraph -->\n\n<!-- wp:paragraph -->\n<p>Zus\u00e4tzliche Standorte auf Anfrage im Rahmen der konsiliar\u00e4rztlichen T\u00e4tigkeit:<\/p>\n<!-- \/wp:paragraph -->\n\n<!-- wp:list -->\n<ul><!-- wp:list-item -->\n<li>B\u00fcrgerspital Solothurn (Sprechstunden und Eingriffe)<\/li>\n<!-- \/wp:list-item -->\n\n<!-- wp:list-item -->\n<li>Kantonsspital Olten (Sprechstunden und Eingriffe)<\/li>\n<!-- \/wp:list-item -->\n\n<!-- wp:list-item -->\n<li>Spital Thun (einfachere Eingriffe)<\/li>\n<!-- \/wp:list-item --><\/ul>\n<!-- \/wp:list -->\n\n<!-- wp:heading -->\n\r\n                    <\/div>\r\n                <\/div>\r\n            <\/div>\r\n        \r\n            <div class=\"accordion-item\">\r\n                <h2 class=\"accordion-header\" id=\"heading2\">\r\n                    <button class=\"accordion-button collapsed\" type=\"button\" data-bs-toggle=\"collapse\" data-bs-target=\"#flush-collapse2\" aria-expanded=\"false\" aria-controls=\"flush-collapse2\">\r\n                        Ich verf\u00fcge \u00fcber die Grundversicherung gem\u00e4ss Krankenversicherungsgesetz, ohne Zusatzversicherung. Kann ich mich von Gregor Kocher Thoraxchirurgie behandeln lassen?\r\n                    <\/button>\r\n                <\/h2>\r\n                <div id=\"flush-collapse2\" class=\"accordion-collapse collapse\" aria-labelledby=\"heading2\" data-bs-parent=\"#accordionFlushExample\">\r\n                    <div class=\"accordion-body\">\r\n                        \n<!-- \/wp:heading -->\n\n<!-- wp:paragraph -->\n<p>Gregor Kocher Thoraxchirurgie behandelt alle Patientinnen und Patienten, unabh\u00e4ngig davon, wie sie versichert sind.<\/p>\n<!-- \/wp:paragraph -->\n\n<!-- wp:heading -->\n\r\n                    <\/div>\r\n                <\/div>\r\n            <\/div>\r\n        \r\n            <div class=\"accordion-item\">\r\n                <h2 class=\"accordion-header\" id=\"heading3\">\r\n                    <button class=\"accordion-button collapsed\" type=\"button\" data-bs-toggle=\"collapse\" data-bs-target=\"#flush-collapse3\" aria-expanded=\"false\" aria-controls=\"flush-collapse3\">\r\n                        Ich m\u00f6chte einen Termin vereinbaren, wie soll ich vorgehen?\r\n                    <\/button>\r\n                <\/h2>\r\n                <div id=\"flush-collapse3\" class=\"accordion-collapse collapse\" aria-labelledby=\"heading3\" data-bs-parent=\"#accordionFlushExample\">\r\n                    <div class=\"accordion-body\">\r\n                        \n<!-- \/wp:heading -->\n\n<!-- wp:paragraph -->\n<p>Bitte kontaktieren Sie uns unter der Telefonnummer +41 31 335 78 01 oder per Mail <a href=\"mailto:info@kocher-thoraxchirurgie.ch\">info@kocher-thoraxchirurgie.ch<\/a>.<\/p>\n<!-- \/wp:paragraph -->\n\n<!-- wp:heading -->\n\r\n                    <\/div>\r\n                <\/div>\r\n            <\/div>\r\n        \r\n            <div class=\"accordion-item\">\r\n                <h2 class=\"accordion-header\" id=\"heading4\">\r\n                    <button class=\"accordion-button collapsed\" type=\"button\" data-bs-toggle=\"collapse\" data-bs-target=\"#flush-collapse4\" aria-expanded=\"false\" aria-controls=\"flush-collapse4\">\r\n                        Wer arbeitet im Team von Gregor Kocher Thoraxchirurgie?\r\n                    <\/button>\r\n                <\/h2>\r\n                <div id=\"flush-collapse4\" class=\"accordion-collapse collapse\" aria-labelledby=\"heading4\" data-bs-parent=\"#accordionFlushExample\">\r\n                    <div class=\"accordion-body\">\r\n                        \n<!-- \/wp:heading -->\n\n<!-- wp:paragraph -->\n<p>Informationen zum Team von Gregor Kocher Thoraxchirurgie finden Sie<\/p>\n<!-- \/wp:paragraph -->\n\n<!-- wp:paragraph -->\n<p><a href=\"https:\/\/kocher-thoraxchirurgie.ch\/de\/team\/\" data-type=\"page\" data-id=\"22\">https:\/\/kocher-thoraxchirurgie.ch\/de\/team\/<\/a><\/p>\n<!-- \/wp:paragraph -->\n\n<!-- wp:heading -->\n\r\n                    <\/div>\r\n                <\/div>\r\n            <\/div>\r\n        \r\n            <div class=\"accordion-item\">\r\n                <h2 class=\"accordion-header\" id=\"heading5\">\r\n                    <button class=\"accordion-button collapsed\" type=\"button\" data-bs-toggle=\"collapse\" data-bs-target=\"#flush-collapse5\" aria-expanded=\"false\" aria-controls=\"flush-collapse5\">\r\n                        Bei mir konnte noch keine konkrete Diagnose gestellt werden, kann Gregor Kocher Thoraxchirurgie weiterhelfen?\r\n                    <\/button>\r\n                <\/h2>\r\n                <div id=\"flush-collapse5\" class=\"accordion-collapse collapse\" aria-labelledby=\"heading5\" data-bs-parent=\"#accordionFlushExample\">\r\n                    <div class=\"accordion-body\">\r\n                        \n<!-- \/wp:heading -->\n\n<!-- wp:paragraph -->\n<p>Gregor Kocher Thoraxchirurgie \u00fcbernimmt die Abkl\u00e4rungen im Fachgebiet der Thoraxchirurgie, insbesondere auch bei unklaren Befunden.<\/p>\n<!-- \/wp:paragraph -->\n\n<!-- wp:heading -->\n\r\n                    <\/div>\r\n                <\/div>\r\n            <\/div>\r\n        \r\n            <div class=\"accordion-item\">\r\n                <h2 class=\"accordion-header\" id=\"heading6\">\r\n                    <button class=\"accordion-button collapsed\" type=\"button\" data-bs-toggle=\"collapse\" data-bs-target=\"#flush-collapse6\" aria-expanded=\"false\" aria-controls=\"flush-collapse6\">\r\n                        Ich m\u00f6chte eine Zweitmeinung einholen. Kann ich mich daf\u00fcr an Gregor Kocher Thoraxchirurgie wenden?\r\n                    <\/button>\r\n                <\/h2>\r\n                <div id=\"flush-collapse6\" class=\"accordion-collapse collapse\" aria-labelledby=\"heading6\" data-bs-parent=\"#accordionFlushExample\">\r\n                    <div class=\"accordion-body\">\r\n                        \n<!-- \/wp:heading -->\n\n<!-- wp:paragraph -->\n<p>Bei uns k\u00f6nnen Sie eine Zweitmeinung einholen.<\/p>\n<!-- \/wp:paragraph -->\n\n<!-- wp:heading -->\n\r\n                    <\/div>\r\n                <\/div>\r\n            <\/div>\r\n        \r\n            <div class=\"accordion-item\">\r\n                <h2 class=\"accordion-header\" id=\"heading7\">\r\n                    <button class=\"accordion-button collapsed\" type=\"button\" data-bs-toggle=\"collapse\" data-bs-target=\"#flush-collapse7\" aria-expanded=\"false\" aria-controls=\"flush-collapse7\">\r\n                        Welche Art von An\u00e4sthesie wird bei einer thoraxchirurgischen Operation verwendet?\r\n                    <\/button>\r\n                <\/h2>\r\n                <div id=\"flush-collapse7\" class=\"accordion-collapse collapse\" aria-labelledby=\"heading7\" data-bs-parent=\"#accordionFlushExample\">\r\n                    <div class=\"accordion-body\">\r\n                        \n<!-- \/wp:heading -->\n\n<!-- wp:paragraph -->\n<p>Bei einer thoraxchirurgischen Operation ist in der Regel eine Vollnarkose notwendig. Ihr Arzt wird mit Ihnen besprechen, welche An\u00e4sthesie am besten f\u00fcr Sie geeignet ist.<\/p>\n<!-- \/wp:paragraph -->\n\n<!-- wp:heading -->\n\r\n                    <\/div>\r\n                <\/div>\r\n            <\/div>\r\n        \r\n            <div class=\"accordion-item\">\r\n                <h2 class=\"accordion-header\" id=\"heading8\">\r\n                    <button class=\"accordion-button collapsed\" type=\"button\" data-bs-toggle=\"collapse\" data-bs-target=\"#flush-collapse8\" aria-expanded=\"false\" aria-controls=\"flush-collapse8\">\r\n                        Welche Operationsverfahren werden angewendet?\r\n                    <\/button>\r\n                <\/h2>\r\n                <div id=\"flush-collapse8\" class=\"accordion-collapse collapse\" aria-labelledby=\"heading8\" data-bs-parent=\"#accordionFlushExample\">\r\n                    <div class=\"accordion-body\">\r\n                        \n<!-- \/wp:heading -->\n\n<!-- wp:paragraph -->\n<p>Gregor Kocher Thoraxchirurgie wendet schonendste, modernste minimal-invasive Operationsverfahren an. Gregor Kocher Thoraxchirurgie ist auch spezialisiert auf roboterassistierte Verfahren.<\/p>\n<!-- \/wp:paragraph -->\n\n<!-- wp:heading -->\n\r\n                    <\/div>\r\n                <\/div>\r\n            <\/div>\r\n        \r\n            <div class=\"accordion-item\">\r\n                <h2 class=\"accordion-header\" id=\"heading9\">\r\n                    <button class=\"accordion-button collapsed\" type=\"button\" data-bs-toggle=\"collapse\" data-bs-target=\"#flush-collapse9\" aria-expanded=\"false\" aria-controls=\"flush-collapse9\">\r\n                        Wie lange dauert die Erholungszeit nach einer thoraxchirurgischen Operation?\r\n                    <\/button>\r\n                <\/h2>\r\n                <div id=\"flush-collapse9\" class=\"accordion-collapse collapse\" aria-labelledby=\"heading9\" data-bs-parent=\"#accordionFlushExample\">\r\n                    <div class=\"accordion-body\">\r\n                        \n<!-- \/wp:heading -->\n\n<!-- wp:paragraph -->\n<p>Die Erholungszeit h\u00e4ngt von der Art der Operation und dem allgemeinen Gesundheitszustand der Patientin\/des Patienten ab. Ihr Arzt wird Sie umfassend dar\u00fcber informieren, welche Massnahmen nach der Operation getroffen werden, wie lange Sie voraussichtlich station\u00e4r im Spital bleiben werden und wie die Rehabilitation verl\u00e4uft.<\/p>\n<!-- \/wp:paragraph -->\n\n<!-- wp:heading -->\n\r\n                    <\/div>\r\n                <\/div>\r\n            <\/div>\r\n        \r\n            <div class=\"accordion-item\">\r\n                <h2 class=\"accordion-header\" id=\"heading10\">\r\n                    <button class=\"accordion-button collapsed\" type=\"button\" data-bs-toggle=\"collapse\" data-bs-target=\"#flush-collapse10\" aria-expanded=\"false\" aria-controls=\"flush-collapse10\">\r\n                        Wie kann ich mich auf eine Operation vorbereiten?\r\n                    <\/button>\r\n                <\/h2>\r\n                <div id=\"flush-collapse10\" class=\"accordion-collapse collapse\" aria-labelledby=\"heading10\" data-bs-parent=\"#accordionFlushExample\">\r\n                    <div class=\"accordion-body\">\r\n                        \n<!-- \/wp:heading -->\n\n<!-- wp:paragraph -->\n<p>Ihr Arzt wird mit Ihnen die Operation vorbesprechen. Bitte besprechen Sie Ihre Fragen, Bedenken auch Ihre \u00c4ngste mit ihm.<\/p>\n<!-- \/wp:paragraph -->\r\n                    <\/div>\r\n                <\/div>\r\n            <\/div>\r\n        \r\n\t<\/div>\r\n\t\n","protected":false},"excerpt":{"rendered":"<p>FAQ<\/p>\n","protected":false},"author":1,"featured_media":0,"parent":0,"menu_order":13,"comment_status":"closed","ping_status":"closed","template":"","meta":{"footnotes":""},"class_list":["post-546","page","type-page","status-publish","hentry"],"_links":{"self":[{"href":"https:\/\/kocher-thoraxchirurgie.ch\/de\/wp-json\/wp\/v2\/pages\/546","targetHints":{"allow":["GET"]}}],"collection":[{"href":"https:\/\/kocher-thoraxchirurgie.ch\/de\/wp-json\/wp\/v2\/pages"}],"about":[{"href":"https:\/\/kocher-thoraxchirurgie.ch\/de\/wp-json\/wp\/v2\/types\/page"}],"author":[{"embeddable":true,"href":"https:\/\/kocher-thoraxchirurgie.ch\/de\/wp-json\/wp\/v2\/users\/1"}],"replies":[{"embeddable":true,"href":"https:\/\/kocher-thoraxchirurgie.ch\/de\/wp-json\/wp\/v2\/comments?post=546"}],"version-history":[{"count":1,"href":"https:\/\/kocher-thoraxchirurgie.ch\/de\/wp-json\/wp\/v2\/pages\/546\/revisions"}],"predecessor-version":[{"id":547,"href":"https:\/\/kocher-thoraxchirurgie.ch\/de\/wp-json\/wp\/v2\/pages\/546\/revisions\/547"}],"wp:attachment":[{"href":"https:\/\/kocher-thoraxchirurgie.ch\/de\/wp-json\/wp\/v2\/media?parent=546"}],"curies":[{"name":"wp","href":"https:\/\/api.w.org\/{rel}","templated":true}]}}