{"id":803,"date":"2024-10-17T10:05:24","date_gmt":"2024-10-17T08:05:24","guid":{"rendered":"https:\/\/kocher-thoraxchirurgie.ch\/?page_id=803"},"modified":"2024-11-07T15:53:33","modified_gmt":"2024-11-07T14:53:33","slug":"netzwerk-zusammenarbeit","status":"publish","type":"page","link":"https:\/\/kocher-thoraxchirurgie.ch\/de\/netzwerk-zusammenarbeit\/","title":{"rendered":"Netzwerk \/ Zusammenarbeit"},"content":{"rendered":"\n<p><a href=\"https:\/\/lungendiagnostik.ch\" target=\"_blank\" rel=\"noreferrer noopener\">https:\/\/lungendiagnostik.ch <\/a><\/p>\n\n\n\n<p><strong>Nationales Programm zur Fr\u00fcherkennung von Lungenkrebs : <\/strong>Lungenkrebs ist zwar nur die zweith\u00e4ufigste Krebsart weltweit, aber diejenige mit der h\u00f6chsten Mortalit\u00e4t\/Sterblichkeit. Der wirkungsvollste Weg die Krebstodesrate zu senken ist die Fr\u00fcherkennung, da Lungenkrebs nur wenn rechtzeitig, also in fr\u00fchen Stadien erkannt, geheilt werden kann.  Ob Sie zur Risikogruppe geh\u00f6ren (Alter >50 Jahre, &#8218;aktiver&#8216; Raucher\/In oder erst in den letzten 15 Jahren aufgeh\u00f6rt) k\u00f6nnen Sie direkt auf der Website des einzigen gemeinn\u00fctzigen Programms zur Fr\u00fcherkennung von Lungenkrebs in der Schweiz pr\u00fcfen.<\/p>\n\n\n\n<p><\/p>\n\n\n\n<ul class=\"wp-block-list\">\n<li><strong>Primo Medico<\/strong><\/li>\n<\/ul>\n\n\n\n<p><a href=\"https:\/\/www.primomedico.com\/de\/spezialist\/prof-kocher-thoraxchirurgie-bern\/\">https:\/\/www.primomedico.com\/de\/spezialist\/prof-kocher-thoraxchirurgie-bern\/<\/a><\/p>\n\n\n\n<figure class=\"wp-block-image size-full\"><img loading=\"lazy\" decoding=\"async\" width=\"400\" height=\"400\" src=\"https:\/\/kocher-thoraxchirurgie.ch\/wp-content\/uploads\/2024\/10\/PRIMO-MEDICO_Member-Siegel.png\" alt=\"\" class=\"wp-image-804\" srcset=\"https:\/\/kocher-thoraxchirurgie.ch\/wp-content\/uploads\/2024\/10\/PRIMO-MEDICO_Member-Siegel.png 400w, https:\/\/kocher-thoraxchirurgie.ch\/wp-content\/uploads\/2024\/10\/PRIMO-MEDICO_Member-Siegel-300x300.png 300w, https:\/\/kocher-thoraxchirurgie.ch\/wp-content\/uploads\/2024\/10\/PRIMO-MEDICO_Member-Siegel-150x150.png 150w\" sizes=\"auto, (max-width: 400px) 100vw, 400px\" \/><\/figure>\n\n\n\n<p><a href=\"https:\/\/www.leading-medicine-guide.com\/en\/medical-experts\/gregor-kocher-bern\">https:\/\/www.leading-medicine-guide.com\/en\/medical-experts\/gregor-kocher-bern<\/a><\/p>\n\n\n\n<ul class=\"wp-block-list\">\n<li><strong>Leading Medicine Guide<\/strong><\/li>\n<\/ul>\n","protected":false},"excerpt":{"rendered":"<p>https:\/\/lungendiagnostik.ch Nationales Programm zur Fr\u00fcherkennung von Lungenkrebs : Lungenkrebs ist zwar nur die zweith\u00e4ufigste Krebsart weltweit, aber diejenige mit der h\u00f6chsten Mortalit\u00e4t\/Sterblichkeit. Der wirkungsvollste Weg die Krebstodesrate zu senken ist die Fr\u00fcherkennung, da Lungenkrebs nur wenn rechtzeitig, also in fr\u00fchen Stadien erkannt, geheilt werden kann. Ob Sie zur Risikogruppe geh\u00f6ren (Alter >50 Jahre, &#8218;aktiver&#8216; Raucher\/In [&hellip;]<\/p>\n","protected":false},"author":2,"featured_media":0,"parent":0,"menu_order":6,"comment_status":"closed","ping_status":"closed","template":"","meta":{"footnotes":""},"class_list":["post-803","page","type-page","status-publish","hentry"],"_links":{"self":[{"href":"https:\/\/kocher-thoraxchirurgie.ch\/de\/wp-json\/wp\/v2\/pages\/803","targetHints":{"allow":["GET"]}}],"collection":[{"href":"https:\/\/kocher-thoraxchirurgie.ch\/de\/wp-json\/wp\/v2\/pages"}],"about":[{"href":"https:\/\/kocher-thoraxchirurgie.ch\/de\/wp-json\/wp\/v2\/types\/page"}],"author":[{"embeddable":true,"href":"https:\/\/kocher-thoraxchirurgie.ch\/de\/wp-json\/wp\/v2\/users\/2"}],"replies":[{"embeddable":true,"href":"https:\/\/kocher-thoraxchirurgie.ch\/de\/wp-json\/wp\/v2\/comments?post=803"}],"version-history":[{"count":6,"href":"https:\/\/kocher-thoraxchirurgie.ch\/de\/wp-json\/wp\/v2\/pages\/803\/revisions"}],"predecessor-version":[{"id":821,"href":"https:\/\/kocher-thoraxchirurgie.ch\/de\/wp-json\/wp\/v2\/pages\/803\/revisions\/821"}],"wp:attachment":[{"href":"https:\/\/kocher-thoraxchirurgie.ch\/de\/wp-json\/wp\/v2\/media?parent=803"}],"curies":[{"name":"wp","href":"https:\/\/api.w.org\/{rel}","templated":true}]}}