{"id":252,"date":"2024-01-26T09:43:34","date_gmt":"2024-01-26T08:43:34","guid":{"rendered":"https:\/\/kocher-thoraxchirurgie.ch\/?page_id=252"},"modified":"2024-03-03T09:54:09","modified_gmt":"2024-03-03T08:54:09","slug":"home","status":"publish","type":"page","link":"https:\/\/kocher-thoraxchirurgie.ch\/fr\/","title":{"rendered":"Home"},"content":{"rendered":"\n<h1 class=\"wp-block-heading\">Actualit\u00e9s<\/h1><div class=\"h1-bottom\"><\/div>\n\n\n<div class=\"row\"><div class=\"col-lg-4 newswrapper\" data-link=\"https:\/\/kocher-thoraxchirurgie.ch\/fr\/swiss-onco-day-genolier\/\"><h2>Swiss Onco Day Genolier<\/h2>Le 23 novembre 2024, le SWISS MEDICAL NETWORK ONCO DAY aura lieu \u00e0 Genolier. Cette ann\u00e9e, le th\u00e8me principal sera \u201cles tumeurs malignes du thorax\u201d. Parmi d&rsquo;autres experts internationaux de ...<br \/><span class=\"newswrapper-date\">21. octobre 2024<\/span><\/div><div class=\"col-lg-4 newswrapper\" data-link=\"https:\/\/kocher-thoraxchirurgie.ch\/fr\/symposium-sur-la-gestion-des-voies-aeriennes-a-saint-gall\/\"><h2>Symposium sur la gestion des voies a\u00e9riennes \u00e0 Saint-Gall<\/h2>Le 23e symposium saint-gallois sur la gestion des voies a\u00e9riennes se tiendra les 15 et 16 novembre 2024 \u00e0 l&rsquo;h\u00f4pital cantonal de Saint-Gall. Le professeur Gregor Kocher y sera ...<br \/><span class=\"newswrapper-date\">17. octobre 2024<\/span><\/div><div class=\"col-lg-4 newswrapper\" data-link=\"https:\/\/kocher-thoraxchirurgie.ch\/fr\/reunion-annuelle-de-la-societe-americaine-de-chirurgie-thoracique-a-toronto-en-2024\/\"><h2>R\u00e9union annuelle de la Soci\u00e9t\u00e9 am\u00e9ricaine de chirurgie thoracique \u00e0 Toronto en 2024<\/h2>Du 27 au 30 avril, le professeur Kocher s&rsquo;est rendu au congr\u00e8s am\u00e9ricain de la Soci\u00e9t\u00e9 de chirurgie thoracique \u00e0 Toronto pour parler du d\u00e9veloppement de la chirurgie robotique daVinci dans ...<br \/><span class=\"newswrapper-date\">30. avril 2024<\/span><\/div><div class=\"col-lg-4 newswrapper\" data-link=\"https:\/\/kocher-thoraxchirurgie.ch\/fr\/forum-interregional-des-chirurgiens-a-zurich\/\"><h2>Forum interr\u00e9gional des chirurgiens \u00e0 Zurich<\/h2>Le 22.3.2024, le professeur Kocher a donn\u00e9 une conf\u00e9rence en tant qu&rsquo;orateur invit\u00e9 au Forum interr\u00e9gional des chirurgiens sur les nodules en verre d\u00e9poli (GGO) du poumon &#8211; et leur ...<br \/><span class=\"newswrapper-date\">26. avril 2024<\/span><\/div><div class=\"col-lg-4 newswrapper\" data-link=\"https:\/\/kocher-thoraxchirurgie.ch\/fr\/testtitel\/\"><h2>ClaraUpdate<\/h2>Lors de la manifestation ClaraUpdate organis\u00e9e au Biozentrum de B\u00e2le le 1er f\u00e9vrier 2024, le professeur Kocher a pr\u00e9sent\u00e9 des aper\u00e7us de la chirurgie thoracique mini-invasive et de haute ...<br \/><span class=\"newswrapper-date\">1. f\u00e9vrier 2024<\/span><\/div><div class=\"col-lg-4 newswrapper\" data-link=\"https:\/\/kocher-thoraxchirurgie.ch\/fr\/guest-speaker-en-colombie\/\"><h2>Guest Speaker en Colombie<\/h2>Lors du Congr\u00e8s colombien de chirurgie thoracique qui se tiendra du 11 au 13 novembre 2022 \u00e0 Medelin, en Colombie, Gregor Kocher tiendra une conf\u00e9rence invit\u00e9e sur le th\u00e8me de la chirurgie ...<br \/><span class=\"newswrapper-date\">6. d\u00e9cembre 2023<\/span><\/div><\/div><div class=\"pagination\"><span aria-current=\"page\" class=\"page-numbers current\">1<\/span>\n<a class=\"page-numbers\" href=\"https:\/\/kocher-thoraxchirurgie.ch\/fr\/wp-json\/wp\/v2\/pages\/252\/page\/2\/\">2<\/a>\n<a class=\"page-numbers\" href=\"https:\/\/kocher-thoraxchirurgie.ch\/fr\/wp-json\/wp\/v2\/pages\/252\/page\/3\/\">3<\/a>\n<a class=\"next page-numbers\" href=\"https:\/\/kocher-thoraxchirurgie.ch\/fr\/wp-json\/wp\/v2\/pages\/252\/page\/2\/\">suivante \u00bb<\/a><\/div>\n\n\n\n<figure class=\"wp-block-video\"><video controls poster=\"https:\/\/kocher-thoraxchirurgie.ch\/wp-content\/uploads\/2024\/03\/video-vorschaubild.jpg\" src=\"https:\/\/kocher-thoraxchirurgie.ch\/wp-content\/uploads\/2024\/01\/video-thoraxchirugie-1.mp4\"><\/video><\/figure>\n\n\n\n<figure class=\"wp-block-image size-large\"><img loading=\"lazy\" decoding=\"async\" width=\"1024\" height=\"683\" src=\"https:\/\/kocher-thoraxchirurgie.ch\/wp-content\/uploads\/2024\/02\/home-1024x683.webp\" alt=\"\" class=\"wp-image-624\" srcset=\"https:\/\/kocher-thoraxchirurgie.ch\/wp-content\/uploads\/2024\/02\/home-1024x683.webp 1024w, https:\/\/kocher-thoraxchirurgie.ch\/wp-content\/uploads\/2024\/02\/home-300x200.webp 300w, https:\/\/kocher-thoraxchirurgie.ch\/wp-content\/uploads\/2024\/02\/home-768x512.webp 768w, https:\/\/kocher-thoraxchirurgie.ch\/wp-content\/uploads\/2024\/02\/home.webp 1200w\" sizes=\"auto, (max-width: 1024px) 100vw, 1024px\" \/><\/figure>\n","protected":false},"excerpt":{"rendered":"<p>Actualit\u00e9s<\/p>\n","protected":false},"author":1,"featured_media":0,"parent":0,"menu_order":0,"comment_status":"closed","ping_status":"closed","template":"","meta":{"footnotes":""},"class_list":["post-252","page","type-page","status-publish","hentry"],"_links":{"self":[{"href":"https:\/\/kocher-thoraxchirurgie.ch\/fr\/wp-json\/wp\/v2\/pages\/252","targetHints":{"allow":["GET"]}}],"collection":[{"href":"https:\/\/kocher-thoraxchirurgie.ch\/fr\/wp-json\/wp\/v2\/pages"}],"about":[{"href":"https:\/\/kocher-thoraxchirurgie.ch\/fr\/wp-json\/wp\/v2\/types\/page"}],"author":[{"embeddable":true,"href":"https:\/\/kocher-thoraxchirurgie.ch\/fr\/wp-json\/wp\/v2\/users\/1"}],"replies":[{"embeddable":true,"href":"https:\/\/kocher-thoraxchirurgie.ch\/fr\/wp-json\/wp\/v2\/comments?post=252"}],"version-history":[{"count":6,"href":"https:\/\/kocher-thoraxchirurgie.ch\/fr\/wp-json\/wp\/v2\/pages\/252\/revisions"}],"predecessor-version":[{"id":761,"href":"https:\/\/kocher-thoraxchirurgie.ch\/fr\/wp-json\/wp\/v2\/pages\/252\/revisions\/761"}],"wp:attachment":[{"href":"https:\/\/kocher-thoraxchirurgie.ch\/fr\/wp-json\/wp\/v2\/media?parent=252"}],"curies":[{"name":"wp","href":"https:\/\/api.w.org\/{rel}","templated":true}]}}