{"id":456,"date":"2024-01-10T07:05:57","date_gmt":"2024-01-10T06:05:57","guid":{"rendered":"https:\/\/kocher-thoraxchirurgie.ch\/?page_id=456"},"modified":"2024-02-11T13:46:19","modified_gmt":"2024-02-11T12:46:19","slug":"patients-et-patientes","status":"publish","type":"page","link":"https:\/\/kocher-thoraxchirurgie.ch\/fr\/patients-et-patientes\/","title":{"rendered":"Patients et patientes"},"content":{"rendered":"\n<h1 class=\"wp-block-heading\">Patients et patientes<\/h1><div class=\"h1-bottom\"><\/div>\n\n\n\n<h2 class=\"wp-block-heading\">Tous les assur\u00e9s sont les bienvenus<\/h2>\n\n\n\n<p>Gregor Kocher Chirurgie thoracique prend en charge les patients sur plusieurs sites et ind\u00e9pendamment du fait qu&rsquo;ils soient couverts par l&rsquo;assurance g\u00e9n\u00e9rale ou qu&rsquo;ils disposent d&rsquo;une assurance compl\u00e9mentaire.<\/p>\n\n\n\n<h2 class=\"wp-block-heading\">R\u00e9sultats peu clairs<\/h2>\n\n\n\n<p>Il arrive souvent que des patients souffrent de troubles que le m\u00e9decin de famille ne peut pas explicitement attribuer. Chez nous, les clarifications n\u00e9cessaires sont mises en route, coordonn\u00e9es et organis\u00e9es, de sorte que nous puissions id\u00e9alement poser un diagnostic, indiquer des possibilit\u00e9s de traitement et les mettre en \u0153uvre ensemble.<\/p>\n\n\n\n<h2 class=\"wp-block-heading\">Proche des patientes et des patients<\/h2>\n\n\n\n<p>Gregor Kocher Chirurgie thoracique est pr\u00e9sent sur plusieurs sites :<\/p>\n\n\n\n<p><strong>Berne:<\/strong> Hirslanden Klinik Beau-Site ainsi que Lindenhofspital (l&rsquo;h\u00f4pital peut \u00eatre choisi par le\/la patient\/e ou le\/la r\u00e9f\u00e9rent\/e).<\/p>\n\n\n\n<p><strong>B\u00e2le Claraspital, m\u00e9decin-chef de la chirurgie thoracique:<\/strong> 1 jour d&rsquo;op\u00e9ration par semaine et des consultations.<\/p>\n\n\n\n<p><strong>Sites suppl\u00e9mentaires sur demande dans le cadre de l&rsquo;activit\u00e9 de m\u00e9decin consultant :<\/strong><\/p>\n\n\n\n<ul class=\"wp-block-list\">\n<li>B\u00fcrgerspital Solothurn (heures de consultation et interventions)<\/li>\n\n\n\n<li>H\u00f4pital cantonal d&rsquo;Olten (consultations et interventions)<\/li>\n\n\n\n<li>H\u00f4pital de Thoune (interventions plus simples)<\/li>\n<\/ul>\n\n\n\n<h2 class=\"wp-block-heading\">Cabinet m\u00e9dical \u00e0 Berne<\/h2>\n\n\n\n<p>Maison von Rodt Sch\u00e4nzlihalde 1 3013 Berne<\/p>\n\n\n\n<div style=\"height:40px\" aria-hidden=\"true\" class=\"wp-block-spacer\"><\/div>\n\n\n\n<figure class=\"wp-block-image size-large\"><img loading=\"lazy\" decoding=\"async\" width=\"1024\" height=\"683\" src=\"https:\/\/kocher-thoraxchirurgie.ch\/wp-content\/uploads\/2024\/02\/patienten-1024x683.webp\" alt=\"\" class=\"wp-image-634\" srcset=\"https:\/\/kocher-thoraxchirurgie.ch\/wp-content\/uploads\/2024\/02\/patienten-1024x683.webp 1024w, https:\/\/kocher-thoraxchirurgie.ch\/wp-content\/uploads\/2024\/02\/patienten-300x200.webp 300w, https:\/\/kocher-thoraxchirurgie.ch\/wp-content\/uploads\/2024\/02\/patienten-768x512.webp 768w, https:\/\/kocher-thoraxchirurgie.ch\/wp-content\/uploads\/2024\/02\/patienten.webp 1200w\" sizes=\"auto, (max-width: 1024px) 100vw, 1024px\" \/><\/figure>\n","protected":false},"excerpt":{"rendered":"<p>Patients et patientes Tous les assur\u00e9s sont les bienvenus Gregor Kocher Chirurgie thoracique prend en charge les patients sur plusieurs sites et ind\u00e9pendamment du fait qu&rsquo;ils soient couverts par l&rsquo;assurance g\u00e9n\u00e9rale ou qu&rsquo;ils disposent d&rsquo;une assurance compl\u00e9mentaire. R\u00e9sultats peu clairs Il arrive souvent que des patients souffrent de troubles que le m\u00e9decin de famille ne [&hellip;]<\/p>\n","protected":false},"author":1,"featured_media":0,"parent":0,"menu_order":3,"comment_status":"closed","ping_status":"closed","template":"","meta":{"footnotes":""},"class_list":["post-456","page","type-page","status-publish","hentry"],"_links":{"self":[{"href":"https:\/\/kocher-thoraxchirurgie.ch\/fr\/wp-json\/wp\/v2\/pages\/456","targetHints":{"allow":["GET"]}}],"collection":[{"href":"https:\/\/kocher-thoraxchirurgie.ch\/fr\/wp-json\/wp\/v2\/pages"}],"about":[{"href":"https:\/\/kocher-thoraxchirurgie.ch\/fr\/wp-json\/wp\/v2\/types\/page"}],"author":[{"embeddable":true,"href":"https:\/\/kocher-thoraxchirurgie.ch\/fr\/wp-json\/wp\/v2\/users\/1"}],"replies":[{"embeddable":true,"href":"https:\/\/kocher-thoraxchirurgie.ch\/fr\/wp-json\/wp\/v2\/comments?post=456"}],"version-history":[{"count":4,"href":"https:\/\/kocher-thoraxchirurgie.ch\/fr\/wp-json\/wp\/v2\/pages\/456\/revisions"}],"predecessor-version":[{"id":660,"href":"https:\/\/kocher-thoraxchirurgie.ch\/fr\/wp-json\/wp\/v2\/pages\/456\/revisions\/660"}],"wp:attachment":[{"href":"https:\/\/kocher-thoraxchirurgie.ch\/fr\/wp-json\/wp\/v2\/media?parent=456"}],"curies":[{"name":"wp","href":"https:\/\/api.w.org\/{rel}","templated":true}]}}