{"id":472,"date":"2024-01-10T07:11:38","date_gmt":"2024-01-10T06:11:38","guid":{"rendered":"https:\/\/kocher-thoraxchirurgie.ch\/?page_id=472"},"modified":"2024-02-11T13:43:59","modified_gmt":"2024-02-11T12:43:59","slug":"adresse-de-reference","status":"publish","type":"page","link":"https:\/\/kocher-thoraxchirurgie.ch\/fr\/adresse-de-reference\/","title":{"rendered":"Adresse de r\u00e9f\u00e9rence"},"content":{"rendered":"\n<h1 class=\"wp-block-heading\">Adresse de r\u00e9f\u00e9rence<\/h1><div class=\"h1-bottom\"><\/div>\n\n\n\n<h2 class=\"wp-block-heading\">Int\u00e9gration du m\u00e9decin r\u00e9f\u00e9rent<\/h2>\n\n\n\n<p>Le m\u00e9decin ou l&rsquo;institution qui a adress\u00e9 le patient est inform\u00e9 en permanence par Gregor Kocher Chirurgie thoracique des prochaines \u00e9tapes et du d\u00e9roulement du traitement du patient. Cela permet de garantir que les m\u00e9decins traitants disposent sans d\u00e9lai de connaissances sur la situation du patient et qu&rsquo;ils sont int\u00e9gr\u00e9s en permanence.<\/p>\n\n\n\n<h2 class=\"wp-block-heading\">Simple et direct<\/h2>\n\n\n\n<p>Les m\u00e9decins traitants et les partenaires ont \u00e0 tout moment un acc\u00e8s direct et simple \u00e0 Gregor Kocher Chirurgie thoracique.<\/p>\n\n\n\n<h2 class=\"wp-block-heading\">R\u00e9sultats peu clairs<\/h2>\n\n\n\n<p>Gregor Kocher Chirurgie thoracique se charge des examens compl\u00e9mentaires dans tous les cas, notamment en cas de r\u00e9sultats peu clairs. Le m\u00e9decin traitant est impliqu\u00e9 dans les strat\u00e9gies de traitement possibles.<\/p>\n\n\n\n<p>Gregor Kocher Chirurgie thoracique garantit aux patients qui lui sont adress\u00e9s l&rsquo;acc\u00e8s aux m\u00e9thodes de traitement les plus modernes et \u00e0 des \u00e9quipes interdisciplinaires comp\u00e9tentes.<\/p>\n\n\n\n<h2 class=\"wp-block-heading\">Deuxi\u00e8me avis m\u00e9dical<\/h2>\n\n\n\n<p>L&rsquo;\u00e9quipe de Gregor Kocher Chirurgie thoracique se tient volontiers \u00e0 disposition pour un deuxi\u00e8me avis.<\/p>\n\n\n\n<h2 class=\"wp-block-heading\">Admissions pour tous les sites de Berne, Soleure, Olten, Thoune<\/h2>\n\n\n\n<p>gregor.kocher@hin.ch<\/p>\n\n\n\n<p>T\u00e9l\u00e9phone +41 (0)31 335 78 01<\/p>\n\n\n\n<div style=\"height:40px\" aria-hidden=\"true\" class=\"wp-block-spacer\"><\/div>\n\n\n\n<figure class=\"wp-block-image size-large\"><img loading=\"lazy\" decoding=\"async\" width=\"1024\" height=\"680\" src=\"https:\/\/kocher-thoraxchirurgie.ch\/wp-content\/uploads\/2024\/01\/building-1024x680.jpg\" alt=\"\" class=\"wp-image-224\" srcset=\"https:\/\/kocher-thoraxchirurgie.ch\/wp-content\/uploads\/2024\/01\/building-1024x680.jpg 1024w, https:\/\/kocher-thoraxchirurgie.ch\/wp-content\/uploads\/2024\/01\/building-300x199.jpg 300w, https:\/\/kocher-thoraxchirurgie.ch\/wp-content\/uploads\/2024\/01\/building-768x510.jpg 768w, https:\/\/kocher-thoraxchirurgie.ch\/wp-content\/uploads\/2024\/01\/building.jpg 1200w\" sizes=\"auto, (max-width: 1024px) 100vw, 1024px\" \/><\/figure>\n","protected":false},"excerpt":{"rendered":"<p>Adresse de r\u00e9f\u00e9rence Int\u00e9gration du m\u00e9decin r\u00e9f\u00e9rent Le m\u00e9decin ou l&rsquo;institution qui a adress\u00e9 le patient est inform\u00e9 en permanence par Gregor Kocher Chirurgie thoracique des prochaines \u00e9tapes et du d\u00e9roulement du traitement du patient. Cela permet de garantir que les m\u00e9decins traitants disposent sans d\u00e9lai de connaissances sur la situation du patient et qu&rsquo;ils [&hellip;]<\/p>\n","protected":false},"author":1,"featured_media":0,"parent":0,"menu_order":7,"comment_status":"closed","ping_status":"closed","template":"","meta":{"footnotes":""},"class_list":["post-472","page","type-page","status-publish","hentry"],"_links":{"self":[{"href":"https:\/\/kocher-thoraxchirurgie.ch\/fr\/wp-json\/wp\/v2\/pages\/472","targetHints":{"allow":["GET"]}}],"collection":[{"href":"https:\/\/kocher-thoraxchirurgie.ch\/fr\/wp-json\/wp\/v2\/pages"}],"about":[{"href":"https:\/\/kocher-thoraxchirurgie.ch\/fr\/wp-json\/wp\/v2\/types\/page"}],"author":[{"embeddable":true,"href":"https:\/\/kocher-thoraxchirurgie.ch\/fr\/wp-json\/wp\/v2\/users\/1"}],"replies":[{"embeddable":true,"href":"https:\/\/kocher-thoraxchirurgie.ch\/fr\/wp-json\/wp\/v2\/comments?post=472"}],"version-history":[{"count":3,"href":"https:\/\/kocher-thoraxchirurgie.ch\/fr\/wp-json\/wp\/v2\/pages\/472\/revisions"}],"predecessor-version":[{"id":655,"href":"https:\/\/kocher-thoraxchirurgie.ch\/fr\/wp-json\/wp\/v2\/pages\/472\/revisions\/655"}],"wp:attachment":[{"href":"https:\/\/kocher-thoraxchirurgie.ch\/fr\/wp-json\/wp\/v2\/media?parent=472"}],"curies":[{"name":"wp","href":"https:\/\/api.w.org\/{rel}","templated":true}]}}