{"id":476,"date":"2024-01-10T07:12:39","date_gmt":"2024-01-10T06:12:39","guid":{"rendered":"https:\/\/kocher-thoraxchirurgie.ch\/?page_id=476"},"modified":"2024-02-20T17:58:22","modified_gmt":"2024-02-20T16:58:22","slug":"team","status":"publish","type":"page","link":"https:\/\/kocher-thoraxchirurgie.ch\/fr\/team\/","title":{"rendered":"Team"},"content":{"rendered":"\n<h1 class=\"wp-block-heading\">Team<\/h1><div class=\"h1-bottom\"><\/div>\n\n\n\n<div class=\"wp-block-media-text is-stacked-on-mobile\"><figure class=\"wp-block-media-text__media\"><img loading=\"lazy\" decoding=\"async\" width=\"1024\" height=\"544\" src=\"https:\/\/kocher-thoraxchirurgie.ch\/wp-content\/uploads\/2024\/01\/gkocher-1024x544.jpg\" alt=\"\" class=\"wp-image-191 size-full\" srcset=\"https:\/\/kocher-thoraxchirurgie.ch\/wp-content\/uploads\/2024\/01\/gkocher-1024x544.jpg 1024w, https:\/\/kocher-thoraxchirurgie.ch\/wp-content\/uploads\/2024\/01\/gkocher-300x159.jpg 300w, https:\/\/kocher-thoraxchirurgie.ch\/wp-content\/uploads\/2024\/01\/gkocher-768x408.jpg 768w, https:\/\/kocher-thoraxchirurgie.ch\/wp-content\/uploads\/2024\/01\/gkocher.jpg 1200w\" sizes=\"auto, (max-width: 1024px) 100vw, 1024px\" \/><\/figure><div class=\"wp-block-media-text__content\">\n<p><strong>Prof. Dr. med. Gregor Kocher<\/strong><\/p>\n\n\n\n<p><a href=\"https:\/\/kocher-thoraxchirurgie.ch\/fr\/portrait-prof-dr-med-gregor-kocher\/\" data-type=\"page\" data-id=\"319\">plus -&gt;<\/a><\/p>\n<\/div><\/div>\n\n\n\n<div style=\"height:50px\" aria-hidden=\"true\" class=\"wp-block-spacer\"><\/div>\n\n\n\n<div class=\"wp-block-media-text has-media-on-the-right is-stacked-on-mobile\"><div class=\"wp-block-media-text__content\">\n<p><strong>Dr. med. Max Shojai Assistenzarzt<\/strong><\/p>\n\n\n\n<p><a href=\"https:\/\/kocher-thoraxchirurgie.ch\/fr\/portrait-dr-med-max-shojai\/\" data-type=\"page\" data-id=\"325\">plus -&gt;<\/a><\/p>\n<\/div><figure class=\"wp-block-media-text__media\"><img loading=\"lazy\" decoding=\"async\" width=\"480\" height=\"480\" src=\"https:\/\/kocher-thoraxchirurgie.ch\/wp-content\/uploads\/2024\/02\/male-placeholde.jpg\" alt=\"\" class=\"wp-image-677 size-full\" srcset=\"https:\/\/kocher-thoraxchirurgie.ch\/wp-content\/uploads\/2024\/02\/male-placeholde.jpg 480w, https:\/\/kocher-thoraxchirurgie.ch\/wp-content\/uploads\/2024\/02\/male-placeholde-300x300.jpg 300w, https:\/\/kocher-thoraxchirurgie.ch\/wp-content\/uploads\/2024\/02\/male-placeholde-150x150.jpg 150w\" sizes=\"auto, (max-width: 480px) 100vw, 480px\" \/><\/figure><\/div>\n\n\n\n<div style=\"height:50px\" aria-hidden=\"true\" class=\"wp-block-spacer\"><\/div>\n\n\n\n<div class=\"wp-block-media-text is-stacked-on-mobile\"><figure class=\"wp-block-media-text__media\"><img loading=\"lazy\" decoding=\"async\" width=\"300\" height=\"300\" src=\"https:\/\/kocher-thoraxchirurgie.ch\/wp-content\/uploads\/2024\/02\/female-placeholder-300x300-1.jpg\" alt=\"\" class=\"wp-image-671 size-full\" srcset=\"https:\/\/kocher-thoraxchirurgie.ch\/wp-content\/uploads\/2024\/02\/female-placeholder-300x300-1.jpg 300w, https:\/\/kocher-thoraxchirurgie.ch\/wp-content\/uploads\/2024\/02\/female-placeholder-300x300-1-150x150.jpg 150w\" sizes=\"auto, (max-width: 300px) 100vw, 300px\" \/><\/figure><div class=\"wp-block-media-text__content\">\n<p><strong>Belinda Wyss<\/strong><br>Secr\u00e9taire m\u00e9dicale \/ Coordinatrice de cabinet<\/p>\n\n\n\n<p><a href=\"https:\/\/kocher-thoraxchirurgie.ch\/fr\/portrait-belinda-wyss\/\" data-type=\"page\" data-id=\"690\">plus -&gt;<\/a><\/p>\n<\/div><\/div>\n\n\n\n<div style=\"height:50px\" aria-hidden=\"true\" class=\"wp-block-spacer\"><\/div>\n\n\n\n<h2 class=\"wp-block-heading\">Coop\u00e9ration et suppl\u00e9ance<\/h2>\n\n\n\n<div class=\"wp-block-columns is-layout-flex wp-container-core-columns-is-layout-9d6595d7 wp-block-columns-is-layout-flex\">\n<div class=\"wp-block-column is-layout-flow wp-block-column-is-layout-flow\">\n<p><strong>PD Dr. med. Beatrix Hoksch<\/strong><\/p>\n\n\n\n<p>Chirurgie, chirurgie thoracique, laboratoire du cabinet m\u00e9dical<br>(CMPR), Sp\u00e9cialiste en chirurgie, en particulier: chirurgie thoracique<\/p>\n<\/div>\n\n\n\n<div class=\"wp-block-column is-layout-flow wp-block-column-is-layout-flow\">\n<p><strong>Dr. med. Robert Stein<\/strong><\/p>\n\n\n\n<p>Sp\u00e9cialiste en chirurgie, en particulier: chirurgie thoracique<\/p>\n<\/div>\n<\/div>\n\n\n\n<p><br><\/p>\n\n\n\n<p class=\"has-text-align-center\"><a href=\"https:\/\/www.hirslanden.ch\/de\/klinik-beau-site\/centers\/berner-thoraxchirurgie.html\">Chirurgie thoracique bernoise<\/a><\/p>\n\n\n\n<p class=\"has-text-align-center\"><a href=\"https:\/\/www.swiss-surgery.swiss\/thoraxchirurgie\/\">Swiss Surgery<\/a><\/p>\n\n\n\n<p class=\"has-text-align-center\"><a href=\"https:\/\/www.leading-medicine-guide.com\/de\/spezialisten\/gregor-kocher-bern\">Leading Medicine Guide<\/a><\/p>\n","protected":false},"excerpt":{"rendered":"<p>Team Prof. Dr. med. Gregor Kocher plus -&gt; Dr. med. Max Shojai Assistenzarzt plus -&gt; Belinda WyssSecr\u00e9taire m\u00e9dicale \/ Coordinatrice de cabinet plus -&gt; Coop\u00e9ration et suppl\u00e9ance PD Dr. med. Beatrix Hoksch Chirurgie, chirurgie thoracique, laboratoire du cabinet m\u00e9dical(CMPR), Sp\u00e9cialiste en chirurgie, en particulier: chirurgie thoracique Dr. med. Robert Stein Sp\u00e9cialiste en chirurgie, en particulier: [&hellip;]<\/p>\n","protected":false},"author":1,"featured_media":0,"parent":0,"menu_order":8,"comment_status":"closed","ping_status":"closed","template":"","meta":{"footnotes":""},"class_list":["post-476","page","type-page","status-publish","hentry"],"_links":{"self":[{"href":"https:\/\/kocher-thoraxchirurgie.ch\/fr\/wp-json\/wp\/v2\/pages\/476","targetHints":{"allow":["GET"]}}],"collection":[{"href":"https:\/\/kocher-thoraxchirurgie.ch\/fr\/wp-json\/wp\/v2\/pages"}],"about":[{"href":"https:\/\/kocher-thoraxchirurgie.ch\/fr\/wp-json\/wp\/v2\/types\/page"}],"author":[{"embeddable":true,"href":"https:\/\/kocher-thoraxchirurgie.ch\/fr\/wp-json\/wp\/v2\/users\/1"}],"replies":[{"embeddable":true,"href":"https:\/\/kocher-thoraxchirurgie.ch\/fr\/wp-json\/wp\/v2\/comments?post=476"}],"version-history":[{"count":7,"href":"https:\/\/kocher-thoraxchirurgie.ch\/fr\/wp-json\/wp\/v2\/pages\/476\/revisions"}],"predecessor-version":[{"id":697,"href":"https:\/\/kocher-thoraxchirurgie.ch\/fr\/wp-json\/wp\/v2\/pages\/476\/revisions\/697"}],"wp:attachment":[{"href":"https:\/\/kocher-thoraxchirurgie.ch\/fr\/wp-json\/wp\/v2\/media?parent=476"}],"curies":[{"name":"wp","href":"https:\/\/api.w.org\/{rel}","templated":true}]}}