{"id":557,"date":"2024-02-10T04:52:14","date_gmt":"2024-02-10T03:52:14","guid":{"rendered":"https:\/\/kocher-thoraxchirurgie.ch\/?page_id=557"},"modified":"2024-02-10T04:59:15","modified_gmt":"2024-02-10T03:59:15","slug":"faq","status":"publish","type":"page","link":"https:\/\/kocher-thoraxchirurgie.ch\/fr\/faq\/","title":{"rendered":"FAQ"},"content":{"rendered":"\n<h1 class=\"wp-block-heading\">FAQ<\/h1><div class=\"h1-bottom\"><\/div>\n\n\n\r\n\t<div class=\"accordion accordion-flush\" id=\"accordionFlushExample\">\r\n\t\r\n            <div class=\"accordion-item\">\r\n                <h2 class=\"accordion-header\" id=\"heading0\">\r\n                    <button class=\"accordion-button collapsed\" type=\"button\" data-bs-toggle=\"collapse\" data-bs-target=\"#flush-collapse0\" aria-expanded=\"false\" aria-controls=\"flush-collapse0\">\r\n                        Que comprend la chirurgie thoracique ?\r\n                    <\/button>\r\n                <\/h2>\r\n                <div id=\"flush-collapse0\" class=\"accordion-collapse collapse\" aria-labelledby=\"heading0\" data-bs-parent=\"#accordionFlushExample\">\r\n                    <div class=\"accordion-body\">\r\n                        \n<!-- \/wp:heading -->\n\n<!-- wp:paragraph -->\n<p>La chirurgie thoracique comprend le diagnostic et le traitement chirurgical des poumons, du m\u00e9diastin (\"pl\u00e8vre moyenne\"), de la pl\u00e8vre, du diaphragme ainsi que de la paroi thoracique (fractures de c\u00f4tes, tumeurs, d\u00e9formations de la paroi thoracique).<\/p>\n<!-- \/wp:paragraph -->\n\n<!-- wp:paragraph -->\n<p>L'accent est mis sur le traitement des tumeurs du poumon (cancer du poumon), du m\u00e9diastin (thymomes, schwannomes, kystes) et de la pl\u00e8vre (pneumothorax, empy\u00e8me pleural, m\u00e9soth\u00e9liome pleural).<\/p>\n<!-- \/wp:paragraph -->\n\n<!-- wp:paragraph -->\n<p>L'\u00e9ventail des traitements de Kocher Thoraxchirurgie :<br><a href=\"https:\/\/kocher-thoraxchirurgie.ch\/fr\/traitements\/\" data-type=\"page\" data-id=\"470\">https:\/\/kocher-thoraxchirurgie.ch\/fr\/traitements\/<\/a><\/p>\n<!-- \/wp:paragraph -->\n\n<!-- wp:heading -->\n\r\n                    <\/div>\r\n                <\/div>\r\n            <\/div>\r\n        \r\n            <div class=\"accordion-item\">\r\n                <h2 class=\"accordion-header\" id=\"heading1\">\r\n                    <button class=\"accordion-button collapsed\" type=\"button\" data-bs-toggle=\"collapse\" data-bs-target=\"#flush-collapse1\" aria-expanded=\"false\" aria-controls=\"flush-collapse1\">\r\n                        Sur quels sites Gregor Kocher Chirurgie thoracique exerce-t-il son activit\u00e9 ?\r\n                    <\/button>\r\n                <\/h2>\r\n                <div id=\"flush-collapse1\" class=\"accordion-collapse collapse\" aria-labelledby=\"heading1\" data-bs-parent=\"#accordionFlushExample\">\r\n                    <div class=\"accordion-body\">\r\n                        \n<!-- \/wp:heading -->\n\n<!-- wp:paragraph -->\n<p>Gregor Kocher Chirurgie thoracique est actif sur les sites suivants :<\/p>\n<!-- \/wp:paragraph -->\n\n<!-- wp:paragraph -->\n<p>Le site primaire est Berne : Hirslanden Klinik Beau-Site ainsi que Lindenhofspital (l'h\u00f4pital peut \u00eatre choisi par le\/la patient\/e ou le\/la r\u00e9f\u00e9rent\/e).<\/p>\n<!-- \/wp:paragraph -->\n\n<!-- wp:paragraph -->\n<p>B\u00e2le Claraspital, m\u00e9decin-chef de la chirurgie thoracique : 1 jour d'op\u00e9ration par semaine et des consultations.<\/p>\n<!-- \/wp:paragraph -->\n\n<!-- wp:paragraph -->\n<p>Sites suppl\u00e9mentaires sur demande dans le cadre de l'activit\u00e9 de m\u00e9decin consultant :<\/p>\n<!-- \/wp:paragraph -->\n\n<!-- wp:list -->\n<ul><!-- wp:list-item -->\n<li>B\u00fcrgerspital Solothurn (heures de consultation et interventions)<\/li>\n<!-- \/wp:list-item -->\n\n<!-- wp:list-item -->\n<li>H\u00f4pital cantonal d'Olten (consultations et interventions)<\/li>\n<!-- \/wp:list-item -->\n\n<!-- wp:list-item -->\n<li>H\u00f4pital de Thoune (interventions simples)<\/li>\n<!-- \/wp:list-item --><\/ul>\n<!-- \/wp:list -->\n\n<!-- wp:heading -->\n\r\n                    <\/div>\r\n                <\/div>\r\n            <\/div>\r\n        \r\n            <div class=\"accordion-item\">\r\n                <h2 class=\"accordion-header\" id=\"heading2\">\r\n                    <button class=\"accordion-button collapsed\" type=\"button\" data-bs-toggle=\"collapse\" data-bs-target=\"#flush-collapse2\" aria-expanded=\"false\" aria-controls=\"flush-collapse2\">\r\n                        Je dispose de l'assurance de base selon la loi sur l'assurance-maladie, sans assurance compl\u00e9mentaire. Puis-je me faire soigner par Gregor Kocher Chirurgie thoracique ?\r\n                    <\/button>\r\n                <\/h2>\r\n                <div id=\"flush-collapse2\" class=\"accordion-collapse collapse\" aria-labelledby=\"heading2\" data-bs-parent=\"#accordionFlushExample\">\r\n                    <div class=\"accordion-body\">\r\n                        \n<!-- \/wp:heading -->\n\n<!-- wp:paragraph -->\n<p>Gregor Kocher Chirurgie thoracique traite tous les patients, quelle que soit leur couverture d'assurance.<\/p>\n<!-- \/wp:paragraph -->\n\n<!-- wp:heading -->\n\r\n                    <\/div>\r\n                <\/div>\r\n            <\/div>\r\n        \r\n            <div class=\"accordion-item\">\r\n                <h2 class=\"accordion-header\" id=\"heading3\">\r\n                    <button class=\"accordion-button collapsed\" type=\"button\" data-bs-toggle=\"collapse\" data-bs-target=\"#flush-collapse3\" aria-expanded=\"false\" aria-controls=\"flush-collapse3\">\r\n                        Je souhaite prendre rendez-vous, comment dois-je proc\u00e9der ?\r\n                    <\/button>\r\n                <\/h2>\r\n                <div id=\"flush-collapse3\" class=\"accordion-collapse collapse\" aria-labelledby=\"heading3\" data-bs-parent=\"#accordionFlushExample\">\r\n                    <div class=\"accordion-body\">\r\n                        \n<!-- \/wp:heading -->\n\n<!-- wp:paragraph -->\n<p>Veuillez nous contacter au num\u00e9ro de t\u00e9l\u00e9phone +41 31 335 78 01 ou par e-mail info@kocher-thoraxchirurgie.ch.<\/p>\n<!-- \/wp:paragraph -->\n\n<!-- wp:heading -->\n\r\n                    <\/div>\r\n                <\/div>\r\n            <\/div>\r\n        \r\n            <div class=\"accordion-item\">\r\n                <h2 class=\"accordion-header\" id=\"heading4\">\r\n                    <button class=\"accordion-button collapsed\" type=\"button\" data-bs-toggle=\"collapse\" data-bs-target=\"#flush-collapse4\" aria-expanded=\"false\" aria-controls=\"flush-collapse4\">\r\n                        Qui travaille dans l'\u00e9quipe de chirurgie thoracique de Gregor Kocher ?\r\n                    <\/button>\r\n                <\/h2>\r\n                <div id=\"flush-collapse4\" class=\"accordion-collapse collapse\" aria-labelledby=\"heading4\" data-bs-parent=\"#accordionFlushExample\">\r\n                    <div class=\"accordion-body\">\r\n                        \n<!-- \/wp:heading -->\n\n<!-- wp:paragraph -->\n<p>Vous trouverez des informations sur l'\u00e9quipe de Gregor Kocher Chirurgie thoracique<\/p>\n<!-- \/wp:paragraph -->\n\n<!-- wp:paragraph -->\n<p><a href=\"https:\/\/kocher-thoraxchirurgie.ch\/fr\/team\/\" data-type=\"page\" data-id=\"476\">https:\/\/kocher-thoraxchirurgie.ch\/fr\/team\/<\/a><\/p>\n<!-- \/wp:paragraph -->\n\n<!-- wp:heading -->\n\r\n                    <\/div>\r\n                <\/div>\r\n            <\/div>\r\n        \r\n            <div class=\"accordion-item\">\r\n                <h2 class=\"accordion-header\" id=\"heading5\">\r\n                    <button class=\"accordion-button collapsed\" type=\"button\" data-bs-toggle=\"collapse\" data-bs-target=\"#flush-collapse5\" aria-expanded=\"false\" aria-controls=\"flush-collapse5\">\r\n                        Aucun diagnostic concret n'a encore pu \u00eatre \u00e9tabli chez moi, Gregor Kocher Chirurgie thoracique peut-il m'aider ?\r\n                    <\/button>\r\n                <\/h2>\r\n                <div id=\"flush-collapse5\" class=\"accordion-collapse collapse\" aria-labelledby=\"heading5\" data-bs-parent=\"#accordionFlushExample\">\r\n                    <div class=\"accordion-body\">\r\n                        \n<!-- \/wp:heading -->\n\n<!-- wp:paragraph -->\n<p>Gregor Kocher Chirurgie thoracique se charge des investigations dans le domaine de la chirurgie thoracique, notamment aussi en cas de r\u00e9sultats peu clairs.<\/p>\n<!-- \/wp:paragraph -->\n\n<!-- wp:heading -->\n\r\n                    <\/div>\r\n                <\/div>\r\n            <\/div>\r\n        \r\n            <div class=\"accordion-item\">\r\n                <h2 class=\"accordion-header\" id=\"heading6\">\r\n                    <button class=\"accordion-button collapsed\" type=\"button\" data-bs-toggle=\"collapse\" data-bs-target=\"#flush-collapse6\" aria-expanded=\"false\" aria-controls=\"flush-collapse6\">\r\n                        Je souhaite obtenir un deuxi\u00e8me avis. Puis-je m'adresser pour cela \u00e0 Gregor Kocher Chirurgie thoracique ?\r\n                    <\/button>\r\n                <\/h2>\r\n                <div id=\"flush-collapse6\" class=\"accordion-collapse collapse\" aria-labelledby=\"heading6\" data-bs-parent=\"#accordionFlushExample\">\r\n                    <div class=\"accordion-body\">\r\n                        \n<!-- \/wp:heading -->\n\n<!-- wp:paragraph -->\n<p>Chez nous, vous pouvez demander un deuxi\u00e8me avis.<\/p>\n<!-- \/wp:paragraph -->\n\n<!-- wp:heading -->\n\r\n                    <\/div>\r\n                <\/div>\r\n            <\/div>\r\n        \r\n            <div class=\"accordion-item\">\r\n                <h2 class=\"accordion-header\" id=\"heading7\">\r\n                    <button class=\"accordion-button collapsed\" type=\"button\" data-bs-toggle=\"collapse\" data-bs-target=\"#flush-collapse7\" aria-expanded=\"false\" aria-controls=\"flush-collapse7\">\r\n                        Quel type d'anesth\u00e9sie est utilis\u00e9 lors d'une op\u00e9ration de chirurgie thoracique ?\r\n                    <\/button>\r\n                <\/h2>\r\n                <div id=\"flush-collapse7\" class=\"accordion-collapse collapse\" aria-labelledby=\"heading7\" data-bs-parent=\"#accordionFlushExample\">\r\n                    <div class=\"accordion-body\">\r\n                        \n<!-- \/wp:heading -->\n\n<!-- wp:paragraph -->\n<p>Pour une op\u00e9ration de chirurgie thoracique, une anesth\u00e9sie g\u00e9n\u00e9rale est g\u00e9n\u00e9ralement n\u00e9cessaire. Votre m\u00e9decin discutera avec vous de l'anesth\u00e9sie la plus adapt\u00e9e \u00e0 votre cas.<\/p>\n<!-- \/wp:paragraph -->\n\n<!-- wp:heading -->\n\r\n                    <\/div>\r\n                <\/div>\r\n            <\/div>\r\n        \r\n            <div class=\"accordion-item\">\r\n                <h2 class=\"accordion-header\" id=\"heading8\">\r\n                    <button class=\"accordion-button collapsed\" type=\"button\" data-bs-toggle=\"collapse\" data-bs-target=\"#flush-collapse8\" aria-expanded=\"false\" aria-controls=\"flush-collapse8\">\r\n                        Quelles sont les proc\u00e9dures chirurgicales utilis\u00e9es ?\r\n                    <\/button>\r\n                <\/h2>\r\n                <div id=\"flush-collapse8\" class=\"accordion-collapse collapse\" aria-labelledby=\"heading8\" data-bs-parent=\"#accordionFlushExample\">\r\n                    <div class=\"accordion-body\">\r\n                        \n<!-- \/wp:heading -->\n\n<!-- wp:paragraph -->\n<p>Gregor Kocher Chirurgie thoracique utilise les proc\u00e9dures chirurgicales les plus douces et les plus modernes, peu invasives. Gregor Kocher Chirurgie thoracique est \u00e9galement sp\u00e9cialis\u00e9 dans les proc\u00e9dures assist\u00e9es par robot.<\/p>\n<!-- \/wp:paragraph -->\n\n<!-- wp:heading -->\n\r\n                    <\/div>\r\n                <\/div>\r\n            <\/div>\r\n        \r\n            <div class=\"accordion-item\">\r\n                <h2 class=\"accordion-header\" id=\"heading9\">\r\n                    <button class=\"accordion-button collapsed\" type=\"button\" data-bs-toggle=\"collapse\" data-bs-target=\"#flush-collapse9\" aria-expanded=\"false\" aria-controls=\"flush-collapse9\">\r\n                        Quelle est la dur\u00e9e de la convalescence apr\u00e8s une op\u00e9ration de chirurgie thoracique ?\r\n                    <\/button>\r\n                <\/h2>\r\n                <div id=\"flush-collapse9\" class=\"accordion-collapse collapse\" aria-labelledby=\"heading9\" data-bs-parent=\"#accordionFlushExample\">\r\n                    <div class=\"accordion-body\">\r\n                        \n<!-- \/wp:heading -->\n\n<!-- wp:paragraph -->\n<p>Le temps de r\u00e9cup\u00e9ration d\u00e9pend du type d'op\u00e9ration et de l'\u00e9tat de sant\u00e9 g\u00e9n\u00e9ral du patient. Votre m\u00e9decin vous informera en d\u00e9tail des mesures qui seront prises apr\u00e8s l'op\u00e9ration, de la dur\u00e9e probable de votre hospitalisation et du d\u00e9roulement de la r\u00e9\u00e9ducation.<\/p>\n<!-- \/wp:paragraph -->\n\n<!-- wp:heading -->\n\r\n                    <\/div>\r\n                <\/div>\r\n            <\/div>\r\n        \r\n            <div class=\"accordion-item\">\r\n                <h2 class=\"accordion-header\" id=\"heading10\">\r\n                    <button class=\"accordion-button collapsed\" type=\"button\" data-bs-toggle=\"collapse\" data-bs-target=\"#flush-collapse10\" aria-expanded=\"false\" aria-controls=\"flush-collapse10\">\r\n                        Comment puis-je me pr\u00e9parer \u00e0 une op\u00e9ration ?\r\n                    <\/button>\r\n                <\/h2>\r\n                <div id=\"flush-collapse10\" class=\"accordion-collapse collapse\" aria-labelledby=\"heading10\" data-bs-parent=\"#accordionFlushExample\">\r\n                    <div class=\"accordion-body\">\r\n                        \n<!-- \/wp:heading -->\n\n<!-- wp:paragraph -->\n<p>Votre m\u00e9decin discutera de l'op\u00e9ration avec vous. N'h\u00e9sitez pas \u00e0 lui faire part de vos questions, de vos doutes et de vos craintes.<\/p>\n<!-- \/wp:paragraph -->\r\n                    <\/div>\r\n                <\/div>\r\n            <\/div>\r\n        \r\n\t<\/div>\r\n\t\n","protected":false},"excerpt":{"rendered":"<p>FAQ<\/p>\n","protected":false},"author":1,"featured_media":0,"parent":0,"menu_order":13,"comment_status":"closed","ping_status":"closed","template":"","meta":{"footnotes":""},"class_list":["post-557","page","type-page","status-publish","hentry"],"_links":{"self":[{"href":"https:\/\/kocher-thoraxchirurgie.ch\/fr\/wp-json\/wp\/v2\/pages\/557","targetHints":{"allow":["GET"]}}],"collection":[{"href":"https:\/\/kocher-thoraxchirurgie.ch\/fr\/wp-json\/wp\/v2\/pages"}],"about":[{"href":"https:\/\/kocher-thoraxchirurgie.ch\/fr\/wp-json\/wp\/v2\/types\/page"}],"author":[{"embeddable":true,"href":"https:\/\/kocher-thoraxchirurgie.ch\/fr\/wp-json\/wp\/v2\/users\/1"}],"replies":[{"embeddable":true,"href":"https:\/\/kocher-thoraxchirurgie.ch\/fr\/wp-json\/wp\/v2\/comments?post=557"}],"version-history":[{"count":1,"href":"https:\/\/kocher-thoraxchirurgie.ch\/fr\/wp-json\/wp\/v2\/pages\/557\/revisions"}],"predecessor-version":[{"id":560,"href":"https:\/\/kocher-thoraxchirurgie.ch\/fr\/wp-json\/wp\/v2\/pages\/557\/revisions\/560"}],"wp:attachment":[{"href":"https:\/\/kocher-thoraxchirurgie.ch\/fr\/wp-json\/wp\/v2\/media?parent=557"}],"curies":[{"name":"wp","href":"https:\/\/api.w.org\/{rel}","templated":true}]}}