{"id":690,"date":"2024-01-26T09:43:34","date_gmt":"2024-01-26T08:43:34","guid":{"rendered":"https:\/\/kocher-thoraxchirurgie.ch\/?page_id=690"},"modified":"2024-02-20T17:54:02","modified_gmt":"2024-02-20T16:54:02","slug":"portrait-belinda-wyss","status":"publish","type":"page","link":"https:\/\/kocher-thoraxchirurgie.ch\/fr\/portrait-belinda-wyss\/","title":{"rendered":"Portrait Belinda Wyss"},"content":{"rendered":"\n<h1 class=\"wp-block-heading\">Belinda Wyss<\/h1><div class=\"h1-bottom\"><\/div>\n\n\n\n<ul class=\"wp-block-list\">\n<li>Depuis 1985, engagements en tant qu&rsquo;assistante m\u00e9dicale aupr\u00e8s de diff\u00e9rents m\u00e9decins et cliniques.<\/li>\n\n\n\n<li>MPA responsable d&rsquo;\u00e9quipe DA, Hirslanden Klinik Beau-Site, Berne 2018-2022<\/li>\n<\/ul>\n","protected":false},"excerpt":{"rendered":"<p>Belinda Wyss<\/p>\n","protected":false},"author":1,"featured_media":0,"parent":0,"menu_order":11,"comment_status":"closed","ping_status":"closed","template":"","meta":{"footnotes":""},"class_list":["post-690","page","type-page","status-publish","hentry"],"_links":{"self":[{"href":"https:\/\/kocher-thoraxchirurgie.ch\/fr\/wp-json\/wp\/v2\/pages\/690","targetHints":{"allow":["GET"]}}],"collection":[{"href":"https:\/\/kocher-thoraxchirurgie.ch\/fr\/wp-json\/wp\/v2\/pages"}],"about":[{"href":"https:\/\/kocher-thoraxchirurgie.ch\/fr\/wp-json\/wp\/v2\/types\/page"}],"author":[{"embeddable":true,"href":"https:\/\/kocher-thoraxchirurgie.ch\/fr\/wp-json\/wp\/v2\/users\/1"}],"replies":[{"embeddable":true,"href":"https:\/\/kocher-thoraxchirurgie.ch\/fr\/wp-json\/wp\/v2\/comments?post=690"}],"version-history":[{"count":1,"href":"https:\/\/kocher-thoraxchirurgie.ch\/fr\/wp-json\/wp\/v2\/pages\/690\/revisions"}],"predecessor-version":[{"id":691,"href":"https:\/\/kocher-thoraxchirurgie.ch\/fr\/wp-json\/wp\/v2\/pages\/690\/revisions\/691"}],"wp:attachment":[{"href":"https:\/\/kocher-thoraxchirurgie.ch\/fr\/wp-json\/wp\/v2\/media?parent=690"}],"curies":[{"name":"wp","href":"https:\/\/api.w.org\/{rel}","templated":true}]}}