{"id":254,"date":"2024-01-26T09:43:34","date_gmt":"2024-01-26T08:43:34","guid":{"rendered":"https:\/\/kocher-thoraxchirurgie.ch\/?page_id=254"},"modified":"2024-03-03T09:54:09","modified_gmt":"2024-03-03T08:54:09","slug":"home","status":"publish","type":"page","link":"https:\/\/kocher-thoraxchirurgie.ch\/it\/","title":{"rendered":"Home"},"content":{"rendered":"\n<h1 class=\"wp-block-heading\">Notizie<\/h1><div class=\"h1-bottom\"><\/div>\n\n\n<div class=\"row\"><div class=\"col-lg-4 newswrapper\" data-link=\"https:\/\/kocher-thoraxchirurgie.ch\/it\/riunione-annuale-della-societa-americana-di-chirurgia-toracica-a-toronto-2024\/\"><h2>Riunione annuale della Societ\u00e0 americana di chirurgia toracica a Toronto 2024<\/h2>Dal 27.4 al 30.4 il Prof. Kocher ha partecipato al Congresso americano della Societ\u00e0 di Chirurgia Toracica a Toronto per parlare dell&#8217;ulteriore sviluppo della chirurgia robotica daVinci nel ...<br \/><span class=\"newswrapper-date\">30. Aprile 2024<\/span><\/div><div class=\"col-lg-4 newswrapper\" data-link=\"https:\/\/kocher-thoraxchirurgie.ch\/it\/forum-interregionale-dei-chirurghi-a-zurigo\/\"><h2>Forum interregionale dei chirurghi a Zurigo<\/h2>Il 22 marzo 2024, il Prof. Kocher ha tenuto una conferenza come relatore ospite al Forum Interregionale dei Chirurghi sul tema &#8220;Noduli pulmonari a vetro smerigliato &#8211; una sfida nella ...<br \/><span class=\"newswrapper-date\">26. Aprile 2024<\/span><\/div><div class=\"col-lg-4 newswrapper\" data-link=\"https:\/\/kocher-thoraxchirurgie.ch\/it\/claraupdate\/\"><h2>ClaraUpdate<\/h2>All&#8217;evento ClaraUpdate presso il Biozentrum di Basilea, il 1\u00b0 febbraio 2024, il Prof. Kocher ha presentato approfondimenti sulla chirurgia toracica minimamente invasiva e di alta ...<br \/><span class=\"newswrapper-date\">1. Febbraio 2024<\/span><\/div><div class=\"col-lg-4 newswrapper\" data-link=\"https:\/\/kocher-thoraxchirurgie.ch\/it\/relatore-ospite-in-colombia\/\"><h2>Relatore ospite in Colombia<\/h2>Al Congresso colombiano di chirurgia toracica che si terr\u00e0 dall&#8217;11 al 13 novembre 2022 a Medelin, in Colombia, Gregor Kocher terr\u00e0 una conferenza ospite sulla chirurgia toracica minimamente ...<br \/><span class=\"newswrapper-date\">6. Dicembre 2023<\/span><\/div><div class=\"col-lg-4 newswrapper\" data-link=\"https:\/\/kocher-thoraxchirurgie.ch\/it\/relatore-ospite-in-algarve\/\"><h2>Relatore ospite in Algarve<\/h2>Al primo congresso congiunto della Societ\u00e0 Spagnola e Portoghese di Chirurgia Toracica, che si terr\u00e0 dal 25 al 27 novembre 2022 in Algarve, Portogallo, Gregor Kocher condivider\u00e0 le sue conoscenze ...<br \/><span class=\"newswrapper-date\">30. Novembre 2023<\/span><\/div><div class=\"col-lg-4 newswrapper\" data-link=\"https:\/\/kocher-thoraxchirurgie.ch\/it\/conferenza-nellambito-delle-serate-sui-tumori-di-berna-presso-il-lindenhofspital-di-berna\/\"><h2>Conferenza nell&#8217;ambito delle &#8220;Serate sui tumori di Berna&#8221; presso il Lindenhofspital di Berna<\/h2>Il 28 novembre 2023, il Prof. Gregor Kocher ha tenuto una conferenza su &#8220;Lo screening del cancro al polmone e i moderni metodi di trattamento chirurgico del cancro al polmone&#8221;. ...<br \/><span class=\"newswrapper-date\">28. Novembre 2023<\/span><\/div><\/div><div class=\"pagination\"><span aria-current=\"page\" class=\"page-numbers current\">1<\/span>\n<a class=\"page-numbers\" href=\"https:\/\/kocher-thoraxchirurgie.ch\/it\/wp-json\/wp\/v2\/pages\/254\/page\/2\/\">2<\/a>\n<a class=\"page-numbers\" href=\"https:\/\/kocher-thoraxchirurgie.ch\/it\/wp-json\/wp\/v2\/pages\/254\/page\/3\/\">3<\/a>\n<a class=\"next page-numbers\" href=\"https:\/\/kocher-thoraxchirurgie.ch\/it\/wp-json\/wp\/v2\/pages\/254\/page\/2\/\">prossima \u00bb<\/a><\/div>\n\n\n\n<figure class=\"wp-block-video\"><video controls poster=\"https:\/\/kocher-thoraxchirurgie.ch\/wp-content\/uploads\/2024\/03\/video-vorschaubild.jpg\" src=\"https:\/\/kocher-thoraxchirurgie.ch\/wp-content\/uploads\/2024\/01\/video-thoraxchirugie-1.mp4\"><\/video><\/figure>\n\n\n\n<figure class=\"wp-block-image size-large\"><img loading=\"lazy\" decoding=\"async\" width=\"1024\" height=\"683\" src=\"https:\/\/kocher-thoraxchirurgie.ch\/wp-content\/uploads\/2024\/02\/home-1024x683.webp\" alt=\"\" class=\"wp-image-624\" srcset=\"https:\/\/kocher-thoraxchirurgie.ch\/wp-content\/uploads\/2024\/02\/home-1024x683.webp 1024w, https:\/\/kocher-thoraxchirurgie.ch\/wp-content\/uploads\/2024\/02\/home-300x200.webp 300w, https:\/\/kocher-thoraxchirurgie.ch\/wp-content\/uploads\/2024\/02\/home-768x512.webp 768w, https:\/\/kocher-thoraxchirurgie.ch\/wp-content\/uploads\/2024\/02\/home.webp 1200w\" sizes=\"auto, (max-width: 1024px) 100vw, 1024px\" \/><\/figure>\n","protected":false},"excerpt":{"rendered":"<p>Notizie<\/p>\n","protected":false},"author":1,"featured_media":0,"parent":0,"menu_order":0,"comment_status":"closed","ping_status":"closed","template":"","meta":{"footnotes":""},"class_list":["post-254","page","type-page","status-publish","hentry"],"_links":{"self":[{"href":"https:\/\/kocher-thoraxchirurgie.ch\/it\/wp-json\/wp\/v2\/pages\/254","targetHints":{"allow":["GET"]}}],"collection":[{"href":"https:\/\/kocher-thoraxchirurgie.ch\/it\/wp-json\/wp\/v2\/pages"}],"about":[{"href":"https:\/\/kocher-thoraxchirurgie.ch\/it\/wp-json\/wp\/v2\/types\/page"}],"author":[{"embeddable":true,"href":"https:\/\/kocher-thoraxchirurgie.ch\/it\/wp-json\/wp\/v2\/users\/1"}],"replies":[{"embeddable":true,"href":"https:\/\/kocher-thoraxchirurgie.ch\/it\/wp-json\/wp\/v2\/comments?post=254"}],"version-history":[{"count":6,"href":"https:\/\/kocher-thoraxchirurgie.ch\/it\/wp-json\/wp\/v2\/pages\/254\/revisions"}],"predecessor-version":[{"id":760,"href":"https:\/\/kocher-thoraxchirurgie.ch\/it\/wp-json\/wp\/v2\/pages\/254\/revisions\/760"}],"wp:attachment":[{"href":"https:\/\/kocher-thoraxchirurgie.ch\/it\/wp-json\/wp\/v2\/media?parent=254"}],"curies":[{"name":"wp","href":"https:\/\/api.w.org\/{rel}","templated":true}]}}