{"id":558,"date":"2024-02-10T04:52:14","date_gmt":"2024-02-10T03:52:14","guid":{"rendered":"https:\/\/kocher-thoraxchirurgie.ch\/?page_id=558"},"modified":"2024-02-10T04:59:15","modified_gmt":"2024-02-10T03:59:15","slug":"faq","status":"publish","type":"page","link":"https:\/\/kocher-thoraxchirurgie.ch\/it\/faq\/","title":{"rendered":"FAQ"},"content":{"rendered":"\n<h1 class=\"wp-block-heading\">FAQ<\/h1><div class=\"h1-bottom\"><\/div>\n\n\n\r\n\t<div class=\"accordion accordion-flush\" id=\"accordionFlushExample\">\r\n\t\r\n            <div class=\"accordion-item\">\r\n                <h2 class=\"accordion-header\" id=\"heading0\">\r\n                    <button class=\"accordion-button collapsed\" type=\"button\" data-bs-toggle=\"collapse\" data-bs-target=\"#flush-collapse0\" aria-expanded=\"false\" aria-controls=\"flush-collapse0\">\r\n                        Cosa comporta la chirurgia toracica?\r\n                    <\/button>\r\n                <\/h2>\r\n                <div id=\"flush-collapse0\" class=\"accordion-collapse collapse\" aria-labelledby=\"heading0\" data-bs-parent=\"#accordionFlushExample\">\r\n                    <div class=\"accordion-body\">\r\n                        \n<!-- \/wp:heading -->\n\n<!-- wp:paragraph -->\n<p>La chirurgia toracica comprende la diagnosi e il trattamento chirurgico dei polmoni, del mediastino (\"mediastinum\"), della pleura, del diaframma e della parete toracica (fratture costali, tumori, deformit\u00e0 della parete toracica).<\/p>\n<!-- \/wp:paragraph -->\n\n<!-- wp:paragraph -->\n<p>L'attenzione si concentra sul trattamento dei tumori del polmone (cancro del polmone), del mediastino (timomi, schwannomi, cisti) e della pleura (pneumotorace, empiema pleurico, mesotelioma pleurico).<\/p>\n<!-- \/wp:paragraph -->\n\n<!-- wp:paragraph -->\n<p>La gamma di trattamenti offerti dalla Chirurgia Toracica Kocher:<br><a href=\"https:\/\/kocher-thoraxchirurgie.ch\/it\/trattamenti\/\" data-type=\"page\" data-id=\"445\">https:\/\/kocher-thoraxchirurgie.ch\/it\/trattamenti\/<\/a><\/p>\n<!-- \/wp:paragraph -->\n\n<!-- wp:heading -->\n\r\n                    <\/div>\r\n                <\/div>\r\n            <\/div>\r\n        \r\n            <div class=\"accordion-item\">\r\n                <h2 class=\"accordion-header\" id=\"heading1\">\r\n                    <button class=\"accordion-button collapsed\" type=\"button\" data-bs-toggle=\"collapse\" data-bs-target=\"#flush-collapse1\" aria-expanded=\"false\" aria-controls=\"flush-collapse1\">\r\n                        In quali sedi opera la Chirurgia Toracica Gregor Kocher?\r\n                    <\/button>\r\n                <\/h2>\r\n                <div id=\"flush-collapse1\" class=\"accordion-collapse collapse\" aria-labelledby=\"heading1\" data-bs-parent=\"#accordionFlushExample\">\r\n                    <div class=\"accordion-body\">\r\n                        \n<!-- \/wp:heading -->\n\n<!-- wp:paragraph -->\n<p>La Chirurgia Toracica Gregor Kocher \u00e8 attiva nelle seguenti sedi:<\/p>\n<!-- \/wp:paragraph -->\n\n<!-- wp:paragraph -->\n<p>La sede principale \u00e8 Berna: Hirslanden Klinik Beau-Site e Lindenhofspital (l'ospedale pu\u00f2 essere scelto dal paziente o dal medico di riferimento).<\/p>\n<!-- \/wp:paragraph -->\n\n<!-- wp:paragraph -->\n<p>Claraspital di Basilea, Responsabile della Chirurgia Toracica: 1 giorno di chirurgia a settimana e ore di consultazione.<\/p>\n<!-- \/wp:paragraph -->\n\n<!-- wp:paragraph -->\n<p>Altre sedi su richiesta nell'ambito dell'attivit\u00e0 di medico consulente:<\/p>\n<!-- \/wp:paragraph -->\n\n<!-- wp:list -->\n<ul><!-- wp:list-item -->\n<li>B\u00fcrgerspital Solothurn (ore di consultazione e interventi)<\/li>\n<!-- \/wp:list-item -->\n\n<!-- wp:list-item -->\n<li>Ospedale cantonale di Olten (consulti e interventi)<\/li>\n<!-- \/wp:list-item -->\n\n<!-- wp:list-item -->\n<li>Ospedale di Thun (operazioni semplici)<\/li>\n<!-- \/wp:list-item --><\/ul>\n<!-- \/wp:list -->\n\n<!-- wp:heading -->\n\r\n                    <\/div>\r\n                <\/div>\r\n            <\/div>\r\n        \r\n            <div class=\"accordion-item\">\r\n                <h2 class=\"accordion-header\" id=\"heading2\">\r\n                    <button class=\"accordion-button collapsed\" type=\"button\" data-bs-toggle=\"collapse\" data-bs-target=\"#flush-collapse2\" aria-expanded=\"false\" aria-controls=\"flush-collapse2\">\r\n                        Sono in possesso di un'assicurazione di base ai sensi della legge sull'assicurazione malattia, senza assicurazione complementare. Posso essere curato dalla Chirurgia toracica Gregor Kocher?\r\n                    <\/button>\r\n                <\/h2>\r\n                <div id=\"flush-collapse2\" class=\"accordion-collapse collapse\" aria-labelledby=\"heading2\" data-bs-parent=\"#accordionFlushExample\">\r\n                    <div class=\"accordion-body\">\r\n                        \n<!-- \/wp:heading -->\n\n<!-- wp:paragraph -->\n<p>La Chirurgia Toracica Gregor Kocher tratta tutti i pazienti, indipendentemente dalla loro assicurazione.<\/p>\n<!-- \/wp:paragraph -->\n\n<!-- wp:heading -->\n\r\n                    <\/div>\r\n                <\/div>\r\n            <\/div>\r\n        \r\n            <div class=\"accordion-item\">\r\n                <h2 class=\"accordion-header\" id=\"heading3\">\r\n                    <button class=\"accordion-button collapsed\" type=\"button\" data-bs-toggle=\"collapse\" data-bs-target=\"#flush-collapse3\" aria-expanded=\"false\" aria-controls=\"flush-collapse3\">\r\n                        Vorrei fissare un appuntamento, come devo procedere?\r\n                    <\/button>\r\n                <\/h2>\r\n                <div id=\"flush-collapse3\" class=\"accordion-collapse collapse\" aria-labelledby=\"heading3\" data-bs-parent=\"#accordionFlushExample\">\r\n                    <div class=\"accordion-body\">\r\n                        \n<!-- \/wp:heading -->\n\n<!-- wp:paragraph -->\n<p>Contattateci per telefono al numero +41 31 335 78 01 o per e-mail all'indirizzo info@kocher-thoraxchirurgie.ch.<\/p>\n<!-- \/wp:paragraph -->\n\n<!-- wp:heading -->\n\r\n                    <\/div>\r\n                <\/div>\r\n            <\/div>\r\n        \r\n            <div class=\"accordion-item\">\r\n                <h2 class=\"accordion-header\" id=\"heading4\">\r\n                    <button class=\"accordion-button collapsed\" type=\"button\" data-bs-toggle=\"collapse\" data-bs-target=\"#flush-collapse4\" aria-expanded=\"false\" aria-controls=\"flush-collapse4\">\r\n                        Chi lavora nel team della Chirurgia Toracica Gregor Kocher?\r\n                    <\/button>\r\n                <\/h2>\r\n                <div id=\"flush-collapse4\" class=\"accordion-collapse collapse\" aria-labelledby=\"heading4\" data-bs-parent=\"#accordionFlushExample\">\r\n                    <div class=\"accordion-body\">\r\n                        \n<!-- \/wp:heading -->\n\n<!-- wp:paragraph -->\n<p>Le informazioni sull'\u00e9quipe della Chirurgia Toracica Gregor Kocher sono disponibili all'indirizzo<\/p>\n<!-- \/wp:paragraph -->\n\n<!-- wp:paragraph -->\n<p><a href=\"https:\/\/kocher-thoraxchirurgie.ch\/it\/team\/\" data-type=\"page\" data-id=\"450\">https:\/\/kocher-thoraxchirurgie.ch\/it\/team\/<\/a><\/p>\n<!-- \/wp:paragraph -->\n\n<!-- wp:heading -->\n\r\n                    <\/div>\r\n                <\/div>\r\n            <\/div>\r\n        \r\n            <div class=\"accordion-item\">\r\n                <h2 class=\"accordion-header\" id=\"heading5\">\r\n                    <button class=\"accordion-button collapsed\" type=\"button\" data-bs-toggle=\"collapse\" data-bs-target=\"#flush-collapse5\" aria-expanded=\"false\" aria-controls=\"flush-collapse5\">\r\n                        Non sono ancora riuscito a ottenere una diagnosi concreta, pu\u00f2 aiutarmi la Toracoteca Gregor Kocher?\r\n                    <\/button>\r\n                <\/h2>\r\n                <div id=\"flush-collapse5\" class=\"accordion-collapse collapse\" aria-labelledby=\"heading5\" data-bs-parent=\"#accordionFlushExample\">\r\n                    <div class=\"accordion-body\">\r\n                        \n<!-- \/wp:heading -->\n\n<!-- wp:paragraph -->\n<p>La Chirurgia Toracica Gregor Kocher esegue indagini nella specialit\u00e0 della chirurgia toracica, in particolare in caso di risultati poco chiari.<\/p>\n<!-- \/wp:paragraph -->\n\n<!-- wp:heading -->\n\r\n                    <\/div>\r\n                <\/div>\r\n            <\/div>\r\n        \r\n            <div class=\"accordion-item\">\r\n                <h2 class=\"accordion-header\" id=\"heading6\">\r\n                    <button class=\"accordion-button collapsed\" type=\"button\" data-bs-toggle=\"collapse\" data-bs-target=\"#flush-collapse6\" aria-expanded=\"false\" aria-controls=\"flush-collapse6\">\r\n                        Vorrei avere un secondo parere. Posso contattare la Chirurgia Toracica Gregor Kocher per questo?\r\n                    <\/button>\r\n                <\/h2>\r\n                <div id=\"flush-collapse6\" class=\"accordion-collapse collapse\" aria-labelledby=\"heading6\" data-bs-parent=\"#accordionFlushExample\">\r\n                    <div class=\"accordion-body\">\r\n                        \n<!-- \/wp:heading -->\n\n<!-- wp:paragraph -->\n<p>\u00c8 possibile ottenere un secondo parere da noi.<\/p>\n<!-- \/wp:paragraph -->\n\n<!-- wp:heading -->\n\r\n                    <\/div>\r\n                <\/div>\r\n            <\/div>\r\n        \r\n            <div class=\"accordion-item\">\r\n                <h2 class=\"accordion-header\" id=\"heading7\">\r\n                    <button class=\"accordion-button collapsed\" type=\"button\" data-bs-toggle=\"collapse\" data-bs-target=\"#flush-collapse7\" aria-expanded=\"false\" aria-controls=\"flush-collapse7\">\r\n                        Che tipo di anestesia viene utilizzata per la chirurgia toracica?\r\n                    <\/button>\r\n                <\/h2>\r\n                <div id=\"flush-collapse7\" class=\"accordion-collapse collapse\" aria-labelledby=\"heading7\" data-bs-parent=\"#accordionFlushExample\">\r\n                    <div class=\"accordion-body\">\r\n                        \n<!-- \/wp:heading -->\n\n<!-- wp:paragraph -->\n<p>Per la chirurgia toracica \u00e8 solitamente necessaria un'anestesia generale. Il medico discuter\u00e0 con voi l'anestesia pi\u00f9 adatta a voi.<\/p>\n<!-- \/wp:paragraph -->\n\n<!-- wp:heading -->\n\r\n                    <\/div>\r\n                <\/div>\r\n            <\/div>\r\n        \r\n            <div class=\"accordion-item\">\r\n                <h2 class=\"accordion-header\" id=\"heading8\">\r\n                    <button class=\"accordion-button collapsed\" type=\"button\" data-bs-toggle=\"collapse\" data-bs-target=\"#flush-collapse8\" aria-expanded=\"false\" aria-controls=\"flush-collapse8\">\r\n                        Quali procedure chirurgiche vengono utilizzate?\r\n                    <\/button>\r\n                <\/h2>\r\n                <div id=\"flush-collapse8\" class=\"accordion-collapse collapse\" aria-labelledby=\"heading8\" data-bs-parent=\"#accordionFlushExample\">\r\n                    <div class=\"accordion-body\">\r\n                        \n<!-- \/wp:heading -->\n\n<!-- wp:paragraph -->\n<p>La Chirurgia Toracica Gregor Kocher utilizza le pi\u00f9 delicate e moderne procedure chirurgiche minimamente invasive. La Chirurgia Toracica Gregor Kocher \u00e8 inoltre specializzata in interventi assistiti da robot.<\/p>\n<!-- \/wp:paragraph -->\n\n<!-- wp:heading -->\n\r\n                    <\/div>\r\n                <\/div>\r\n            <\/div>\r\n        \r\n            <div class=\"accordion-item\">\r\n                <h2 class=\"accordion-header\" id=\"heading9\">\r\n                    <button class=\"accordion-button collapsed\" type=\"button\" data-bs-toggle=\"collapse\" data-bs-target=\"#flush-collapse9\" aria-expanded=\"false\" aria-controls=\"flush-collapse9\">\r\n                        Quanto dura il periodo di recupero dopo un intervento di chirurgia toracica?\r\n                    <\/button>\r\n                <\/h2>\r\n                <div id=\"flush-collapse9\" class=\"accordion-collapse collapse\" aria-labelledby=\"heading9\" data-bs-parent=\"#accordionFlushExample\">\r\n                    <div class=\"accordion-body\">\r\n                        \n<!-- \/wp:heading -->\n\n<!-- wp:paragraph -->\n<p>I tempi di recupero dipendono dal tipo di intervento e dallo stato di salute generale del paziente. Il medico vi informer\u00e0 dettagliatamente sulle misure da adottare dopo l'intervento, sulla durata della degenza e sulle modalit\u00e0 di riabilitazione.<\/p>\n<!-- \/wp:paragraph -->\n\n<!-- wp:heading -->\n\r\n                    <\/div>\r\n                <\/div>\r\n            <\/div>\r\n        \r\n            <div class=\"accordion-item\">\r\n                <h2 class=\"accordion-header\" id=\"heading10\">\r\n                    <button class=\"accordion-button collapsed\" type=\"button\" data-bs-toggle=\"collapse\" data-bs-target=\"#flush-collapse10\" aria-expanded=\"false\" aria-controls=\"flush-collapse10\">\r\n                        Come posso prepararmi a un'operazione?\r\n                    <\/button>\r\n                <\/h2>\r\n                <div id=\"flush-collapse10\" class=\"accordion-collapse collapse\" aria-labelledby=\"heading10\" data-bs-parent=\"#accordionFlushExample\">\r\n                    <div class=\"accordion-body\">\r\n                        \n<!-- \/wp:heading -->\n\n<!-- wp:paragraph -->\n<p>Il medico discuter\u00e0 con voi dell'operazione in anticipo. Vi invitiamo a discutere con lui le vostre domande, preoccupazioni e paure.<\/p>\n<!-- \/wp:paragraph -->\r\n                    <\/div>\r\n                <\/div>\r\n            <\/div>\r\n        \r\n\t<\/div>\r\n\t\n","protected":false},"excerpt":{"rendered":"<p>FAQ<\/p>\n","protected":false},"author":1,"featured_media":0,"parent":0,"menu_order":13,"comment_status":"closed","ping_status":"closed","template":"","meta":{"footnotes":""},"class_list":["post-558","page","type-page","status-publish","hentry"],"_links":{"self":[{"href":"https:\/\/kocher-thoraxchirurgie.ch\/it\/wp-json\/wp\/v2\/pages\/558","targetHints":{"allow":["GET"]}}],"collection":[{"href":"https:\/\/kocher-thoraxchirurgie.ch\/it\/wp-json\/wp\/v2\/pages"}],"about":[{"href":"https:\/\/kocher-thoraxchirurgie.ch\/it\/wp-json\/wp\/v2\/types\/page"}],"author":[{"embeddable":true,"href":"https:\/\/kocher-thoraxchirurgie.ch\/it\/wp-json\/wp\/v2\/users\/1"}],"replies":[{"embeddable":true,"href":"https:\/\/kocher-thoraxchirurgie.ch\/it\/wp-json\/wp\/v2\/comments?post=558"}],"version-history":[{"count":1,"href":"https:\/\/kocher-thoraxchirurgie.ch\/it\/wp-json\/wp\/v2\/pages\/558\/revisions"}],"predecessor-version":[{"id":559,"href":"https:\/\/kocher-thoraxchirurgie.ch\/it\/wp-json\/wp\/v2\/pages\/558\/revisions\/559"}],"wp:attachment":[{"href":"https:\/\/kocher-thoraxchirurgie.ch\/it\/wp-json\/wp\/v2\/media?parent=558"}],"curies":[{"name":"wp","href":"https:\/\/api.w.org\/{rel}","templated":true}]}}